{"id":821,"date":"2023-06-26T17:21:27","date_gmt":"2023-06-26T15:21:27","guid":{"rendered":"https:\/\/client.comanddesign.com\/?post_type=product&#038;p=821"},"modified":"2024-02-07T09:56:17","modified_gmt":"2024-02-07T08:56:17","slug":"sensivel-proteger-noite-dia-50ml","status":"publish","type":"product","link":"https:\/\/lucia-rapetti.pro\/pt\/produto-2\/sensivel-proteger-noite-dia-50ml\/","title":{"rendered":"Sensitive Protect Noite &amp; Dia 50ml"},"content":{"rendered":"<p class=\"p1\">3 - AMINO\u00c1CIDOS LIPOP\u00c9PTIDOS BIOMIM\u00c9TICOS: sistema de prote\u00e7\u00e3o da pele.<br \/>\nSAMBUCUS NIGRA: vaso-protetor, descongestionante, a\u00e7\u00e3o neurocosm\u00e9tica protetora contra o stress emocional da pele, calmante na reatividade da pele.<span class=\"Apple-converted-space\"><br \/>\n<\/span>ORIZANOL GAMA: revitalizante.<br \/>\nBETA\u00cdNA: equilibrante para a matriz celular, protetora contra radicais livres e agress\u00f5es clim\u00e1ticas.<\/p>","protected":false},"excerpt":{"rendered":"<p>Concebida para peles desidratadas e secas, reequilibra o microbioma cut\u00e2neo, remineraliza, restaura a frescura e hidrata\u00e7\u00e3o.<span class=\"Apple-converted-space\">\u00a0<\/span><\/p>","protected":false},"featured_media":827,"template":"","meta":{"_acf_changed":false,"_mo_disable_npp":"","site-sidebar-layout":"default","site-content-layout":"default","ast-site-content-layout":"default","site-content-style":"default","site-sidebar-style":"default","ast-global-header-display":"","ast-banner-title-visibility":"","ast-main-header-display":"","ast-hfb-above-header-display":"","ast-hfb-below-header-display":"","ast-hfb-mobile-header-display":"","site-post-title":"","ast-breadcrumbs-content":"","ast-featured-img":"","footer-sml-layout":"","ast-disable-related-posts":"","theme-transparent-header-meta":"default","adv-header-id-meta":"","stick-header-meta":"","header-above-stick-meta":"","header-main-stick-meta":"","header-below-stick-meta":"","astra-migrate-meta-layouts":"set","ast-page-background-enabled":"default","ast-page-background-meta":{"desktop":{"background-color":"var(--ast-global-color-4)","background-image":"","background-repeat":"repeat","background-position":"center center","background-size":"auto","background-attachment":"scroll","background-type":"","background-media":"","overlay-type":"","overlay-color":"","overlay-opacity":"","overlay-gradient":""},"tablet":{"background-color":"","background-image":"","background-repeat":"repeat","background-position":"center center","background-size":"auto","background-attachment":"scroll","background-type":"","background-media":"","overlay-type":"","overlay-color":"","overlay-opacity":"","overlay-gradient":""},"mobile":{"background-color":"","background-image":"","background-repeat":"repeat","background-position":"center center","background-size":"auto","background-attachment":"scroll","background-type":"","background-media":"","overlay-type":"","overlay-color":"","overlay-opacity":"","overlay-gradient":""}},"ast-content-background-meta":{"desktop":{"background-color":"var(--ast-global-color-5)","background-image":"","background-repeat":"repeat","background-position":"center center","background-size":"auto","background-attachment":"scroll","background-type":"","background-media":"","overlay-type":"","overlay-color":"","overlay-opacity":"","overlay-gradient":""},"tablet":{"background-color":"var(--ast-global-color-5)","background-image":"","background-repeat":"repeat","background-position":"center center","background-size":"auto","background-attachment":"scroll","background-type":"","background-media":"","overlay-type":"","overlay-color":"","overlay-opacity":"","overlay-gradient":""},"mobile":{"background-color":"var(--ast-global-color-5)","background-image":"","background-repeat":"repeat","background-position":"center center","background-size":"auto","background-attachment":"scroll","background-type":"","background-media":"","overlay-type":"","overlay-color":"","overlay-opacity":"","overlay-gradient":""}}},"product_brand":[],"product_cat":[36,48],"product_tag":[54,55],"class_list":{"0":"post-821","1":"product","2":"type-product","3":"status-publish","4":"has-post-thumbnail","6":"product_cat-cremes-jour-nuit","7":"product_cat-sensitive-peaux-sensibles","8":"product_tag-peaux-sensibles","9":"product_tag-rougeurs","10":"desktop-align-left","11":"tablet-align-left","12":"mobile-align-left","13":"ast-product-gallery-layout-vertical-slider","14":"ast-product-tabs-layout-horizontal","15":"ast-qv-on-image","17":"first","18":"instock","19":"taxable","20":"shipping-taxable","21":"purchasable","22":"product-type-simple"},"acf":[],"yoast_head":"<!-- This site is optimized with the Yoast SEO plugin v27.4 - https:\/\/yoast.com\/product\/yoast-seo-wordpress\/ -->\n<title>Sensitive Protect Night &amp; Day 50ml - Lucia Rapetti Laboratoire Naturel<\/title>\n<meta name=\"robots\" content=\"noindex, follow\" \/>\n<meta property=\"og:locale\" content=\"pt_PT\" \/>\n<meta property=\"og:type\" content=\"article\" \/>\n<meta property=\"og:title\" content=\"Sensitive Protect Night &amp; Day 50ml - Lucia Rapetti Laboratoire Naturel\" \/>\n<meta property=\"og:description\" content=\"Con\u00e7ue pour les peaux d\u00e9shydrat\u00e9es et s\u00e8ches, r\u00e9\u00e9quilibre le Microbiote cutan\u00e9, remin\u00e9ralise, redonne fra\u00eecheur et hydratation.\u00a0\" \/>\n<meta property=\"og:url\" content=\"https:\/\/lucia-rapetti.pro\/pt\/produto-2\/sensivel-proteger-noite-dia-50ml\/\" \/>\n<meta property=\"og:site_name\" content=\"Lucia Rapetti Laboratoire Naturel\" \/>\n<meta property=\"article:publisher\" content=\"https:\/\/www.facebook.com\/luciarapettiofficial\" \/>\n<meta property=\"article:modified_time\" content=\"2024-02-07T08:56:17+00:00\" \/>\n<meta property=\"og:image\" content=\"https:\/\/lucia-rapetti.pro\/wp-content\/uploads\/2023\/06\/LR-sito-sensitive-protect.png\" \/>\n\t<meta property=\"og:image:width\" content=\"1200\" \/>\n\t<meta property=\"og:image:height\" content=\"1200\" \/>\n\t<meta property=\"og:image:type\" content=\"image\/png\" \/>\n<meta name=\"twitter:card\" content=\"summary_large_image\" \/>\n<meta name=\"twitter:label1\" content=\"Tempo estimado de leitura\" \/>\n\t<meta name=\"twitter:data1\" content=\"1 minuto\" \/>\n<script type=\"application\/ld+json\" class=\"yoast-schema-graph\">{\"@context\":\"https:\\\/\\\/schema.org\",\"@graph\":[{\"@type\":\"WebPage\",\"@id\":\"https:\\\/\\\/lucia-rapetti.pro\\\/product\\\/sensitive-protect-night-day-50ml\\\/\",\"url\":\"https:\\\/\\\/lucia-rapetti.pro\\\/product\\\/sensitive-protect-night-day-50ml\\\/\",\"name\":\"Sensitive Protect Night & Day 50ml - Lucia Rapetti Laboratoire Naturel\",\"isPartOf\":{\"@id\":\"https:\\\/\\\/lucia-rapetti.pro\\\/#website\"},\"primaryImageOfPage\":{\"@id\":\"https:\\\/\\\/lucia-rapetti.pro\\\/product\\\/sensitive-protect-night-day-50ml\\\/#primaryimage\"},\"image\":{\"@id\":\"https:\\\/\\\/lucia-rapetti.pro\\\/product\\\/sensitive-protect-night-day-50ml\\\/#primaryimage\"},\"thumbnailUrl\":\"https:\\\/\\\/lucia-rapetti.pro\\\/wp-content\\\/uploads\\\/2023\\\/06\\\/LR-sito-sensitive-protect.png\",\"datePublished\":\"2023-06-26T15:21:27+00:00\",\"dateModified\":\"2024-02-07T08:56:17+00:00\",\"breadcrumb\":{\"@id\":\"https:\\\/\\\/lucia-rapetti.pro\\\/product\\\/sensitive-protect-night-day-50ml\\\/#breadcrumb\"},\"inLanguage\":\"pt-PT\",\"potentialAction\":[{\"@type\":\"ReadAction\",\"target\":[\"https:\\\/\\\/lucia-rapetti.pro\\\/product\\\/sensitive-protect-night-day-50ml\\\/\"]}]},{\"@type\":\"ImageObject\",\"inLanguage\":\"pt-PT\",\"@id\":\"https:\\\/\\\/lucia-rapetti.pro\\\/product\\\/sensitive-protect-night-day-50ml\\\/#primaryimage\",\"url\":\"https:\\\/\\\/lucia-rapetti.pro\\\/wp-content\\\/uploads\\\/2023\\\/06\\\/LR-sito-sensitive-protect.png\",\"contentUrl\":\"https:\\\/\\\/lucia-rapetti.pro\\\/wp-content\\\/uploads\\\/2023\\\/06\\\/LR-sito-sensitive-protect.png\",\"width\":1200,\"height\":1200},{\"@type\":\"BreadcrumbList\",\"@id\":\"https:\\\/\\\/lucia-rapetti.pro\\\/product\\\/sensitive-protect-night-day-50ml\\\/#breadcrumb\",\"itemListElement\":[{\"@type\":\"ListItem\",\"position\":1,\"name\":\"Accueil\",\"item\":\"https:\\\/\\\/lucia-rapetti.pro\\\/\"},{\"@type\":\"ListItem\",\"position\":2,\"name\":\"Produits\",\"item\":\"https:\\\/\\\/lucia-rapetti.pro\\\/shop\\\/\"},{\"@type\":\"ListItem\",\"position\":3,\"name\":\"Sensitive Protect Night &#038; Day 50ml\"}]},{\"@type\":\"WebSite\",\"@id\":\"https:\\\/\\\/lucia-rapetti.pro\\\/#website\",\"url\":\"https:\\\/\\\/lucia-rapetti.pro\\\/\",\"name\":\"Lucia Rapetti Laboratoire Naturel pour professionnel\",\"description\":\"Laboratoire de cosm\u00e9tique naturel et beaut\u00e9 pour institut et professionnel\",\"publisher\":{\"@id\":\"https:\\\/\\\/lucia-rapetti.pro\\\/#organization\"},\"alternateName\":\"Lucia Rapetti Pro\",\"potentialAction\":[{\"@type\":\"SearchAction\",\"target\":{\"@type\":\"EntryPoint\",\"urlTemplate\":\"https:\\\/\\\/lucia-rapetti.pro\\\/?s={search_term_string}\"},\"query-input\":{\"@type\":\"PropertyValueSpecification\",\"valueRequired\":true,\"valueName\":\"search_term_string\"}}],\"inLanguage\":\"pt-PT\"},{\"@type\":\"Organization\",\"@id\":\"https:\\\/\\\/lucia-rapetti.pro\\\/#organization\",\"name\":\"Lucia Rapetti Laboratoire Naturel\",\"alternateName\":\"LR Pro\",\"url\":\"https:\\\/\\\/lucia-rapetti.pro\\\/\",\"logo\":{\"@type\":\"ImageObject\",\"inLanguage\":\"pt-PT\",\"@id\":\"https:\\\/\\\/lucia-rapetti.pro\\\/#\\\/schema\\\/logo\\\/image\\\/\",\"url\":\"https:\\\/\\\/lucia-rapetti.pro\\\/wp-content\\\/uploads\\\/2023\\\/04\\\/cropped-lucia-rapetti-logo-1.png\",\"contentUrl\":\"https:\\\/\\\/lucia-rapetti.pro\\\/wp-content\\\/uploads\\\/2023\\\/04\\\/cropped-lucia-rapetti-logo-1.png\",\"width\":850,\"height\":142,\"caption\":\"Lucia Rapetti Laboratoire Naturel\"},\"image\":{\"@id\":\"https:\\\/\\\/lucia-rapetti.pro\\\/#\\\/schema\\\/logo\\\/image\\\/\"},\"sameAs\":[\"https:\\\/\\\/www.facebook.com\\\/luciarapettiofficial\",\"https:\\\/\\\/www.instagram.com\\\/luciarapettiofficial\\\/\"]}]}<\/script>\n<!-- \/ Yoast SEO plugin. -->","yoast_head_json":{"title":"Sensitive Protect Noite &amp; Dia 50ml - Lucia Rapetti Laboratoire Naturel","robots":{"index":"noindex","follow":"follow"},"og_locale":"pt_PT","og_type":"article","og_title":"Sensitive Protect Night & Day 50ml - Lucia Rapetti Laboratoire Naturel","og_description":"Con\u00e7ue pour les peaux d\u00e9shydrat\u00e9es et s\u00e8ches, r\u00e9\u00e9quilibre le Microbiote cutan\u00e9, remin\u00e9ralise, redonne fra\u00eecheur et hydratation.\u00a0","og_url":"https:\/\/lucia-rapetti.pro\/pt\/produto-2\/sensivel-proteger-noite-dia-50ml\/","og_site_name":"Lucia Rapetti Laboratoire Naturel","article_publisher":"https:\/\/www.facebook.com\/luciarapettiofficial","article_modified_time":"2024-02-07T08:56:17+00:00","og_image":[{"width":1200,"height":1200,"url":"https:\/\/lucia-rapetti.pro\/wp-content\/uploads\/2023\/06\/LR-sito-sensitive-protect.png","type":"image\/png"}],"twitter_card":"summary_large_image","twitter_misc":{"Tempo estimado de leitura":"1 minuto"},"schema":{"@context":"https:\/\/schema.org","@graph":[{"@type":"WebPage","@id":"https:\/\/lucia-rapetti.pro\/product\/sensitive-protect-night-day-50ml\/","url":"https:\/\/lucia-rapetti.pro\/product\/sensitive-protect-night-day-50ml\/","name":"Sensitive Protect Noite &amp; Dia 50ml - Lucia Rapetti Laboratoire Naturel","isPartOf":{"@id":"https:\/\/lucia-rapetti.pro\/#website"},"primaryImageOfPage":{"@id":"https:\/\/lucia-rapetti.pro\/product\/sensitive-protect-night-day-50ml\/#primaryimage"},"image":{"@id":"https:\/\/lucia-rapetti.pro\/product\/sensitive-protect-night-day-50ml\/#primaryimage"},"thumbnailUrl":"https:\/\/lucia-rapetti.pro\/wp-content\/uploads\/2023\/06\/LR-sito-sensitive-protect.png","datePublished":"2023-06-26T15:21:27+00:00","dateModified":"2024-02-07T08:56:17+00:00","breadcrumb":{"@id":"https:\/\/lucia-rapetti.pro\/product\/sensitive-protect-night-day-50ml\/#breadcrumb"},"inLanguage":"pt-PT","potentialAction":[{"@type":"ReadAction","target":["https:\/\/lucia-rapetti.pro\/product\/sensitive-protect-night-day-50ml\/"]}]},{"@type":"ImageObject","inLanguage":"pt-PT","@id":"https:\/\/lucia-rapetti.pro\/product\/sensitive-protect-night-day-50ml\/#primaryimage","url":"https:\/\/lucia-rapetti.pro\/wp-content\/uploads\/2023\/06\/LR-sito-sensitive-protect.png","contentUrl":"https:\/\/lucia-rapetti.pro\/wp-content\/uploads\/2023\/06\/LR-sito-sensitive-protect.png","width":1200,"height":1200},{"@type":"BreadcrumbList","@id":"https:\/\/lucia-rapetti.pro\/product\/sensitive-protect-night-day-50ml\/#breadcrumb","itemListElement":[{"@type":"ListItem","position":1,"name":"Accueil","item":"https:\/\/lucia-rapetti.pro\/"},{"@type":"ListItem","position":2,"name":"Produits","item":"https:\/\/lucia-rapetti.pro\/shop\/"},{"@type":"ListItem","position":3,"name":"Sensitive Protect Night &#038; Day 50ml"}]},{"@type":"WebSite","@id":"https:\/\/lucia-rapetti.pro\/#website","url":"https:\/\/lucia-rapetti.pro\/","name":"Lucia Rapetti Laborat\u00f3rio Natural para Profissionais","description":"Laborat\u00f3rio de cosm\u00e9tica natural e beleza para institutos e profissionais","publisher":{"@id":"https:\/\/lucia-rapetti.pro\/#organization"},"alternateName":"Lucia Rapetti Pro","potentialAction":[{"@type":"SearchAction","target":{"@type":"EntryPoint","urlTemplate":"https:\/\/lucia-rapetti.pro\/?s={search_term_string}"},"query-input":{"@type":"PropertyValueSpecification","valueRequired":true,"valueName":"search_term_string"}}],"inLanguage":"pt-PT"},{"@type":"Organization","@id":"https:\/\/lucia-rapetti.pro\/#organization","name":"Lucia Rapetti Laborat\u00f3rio Natural","alternateName":"LR Pro","url":"https:\/\/lucia-rapetti.pro\/","logo":{"@type":"ImageObject","inLanguage":"pt-PT","@id":"https:\/\/lucia-rapetti.pro\/#\/schema\/logo\/image\/","url":"https:\/\/lucia-rapetti.pro\/wp-content\/uploads\/2023\/04\/cropped-lucia-rapetti-logo-1.png","contentUrl":"https:\/\/lucia-rapetti.pro\/wp-content\/uploads\/2023\/04\/cropped-lucia-rapetti-logo-1.png","width":850,"height":142,"caption":"Lucia Rapetti Laboratoire Naturel"},"image":{"@id":"https:\/\/lucia-rapetti.pro\/#\/schema\/logo\/image\/"},"sameAs":["https:\/\/www.facebook.com\/luciarapettiofficial","https:\/\/www.instagram.com\/luciarapettiofficial\/"]}]}},"_links":{"self":[{"href":"https:\/\/lucia-rapetti.pro\/pt\/wp-json\/wp\/v2\/product\/821","targetHints":{"allow":["GET"]}}],"collection":[{"href":"https:\/\/lucia-rapetti.pro\/pt\/wp-json\/wp\/v2\/product"}],"about":[{"href":"https:\/\/lucia-rapetti.pro\/pt\/wp-json\/wp\/v2\/types\/product"}],"wp:featuredmedia":[{"embeddable":true,"href":"https:\/\/lucia-rapetti.pro\/pt\/wp-json\/wp\/v2\/media\/827"}],"wp:attachment":[{"href":"https:\/\/lucia-rapetti.pro\/pt\/wp-json\/wp\/v2\/media?parent=821"}],"wp:term":[{"taxonomy":"product_brand","embeddable":true,"href":"https:\/\/lucia-rapetti.pro\/pt\/wp-json\/wp\/v2\/product_brand?post=821"},{"taxonomy":"product_cat","embeddable":true,"href":"https:\/\/lucia-rapetti.pro\/pt\/wp-json\/wp\/v2\/product_cat?post=821"},{"taxonomy":"product_tag","embeddable":true,"href":"https:\/\/lucia-rapetti.pro\/pt\/wp-json\/wp\/v2\/product_tag?post=821"}],"curies":[{"name":"wp","href":"https:\/\/api.w.org\/{rel}","templated":true}]}}