{"id":908,"date":"2023-06-27T18:45:41","date_gmt":"2023-06-27T16:45:41","guid":{"rendered":"https:\/\/client.comanddesign.com\/?post_type=product&#038;p=908"},"modified":"2024-02-07T09:45:11","modified_gmt":"2024-02-07T08:45:11","slug":"genialys-crema-rigenerante-50ml","status":"publish","type":"product","link":"https:\/\/lucia-rapetti.pro\/it\/prodotto-2\/genialys-crema-rigenerante-50ml\/","title":{"rendered":"Genialys Crema Rigenerante 50ml"},"content":{"rendered":"<p class=\"p2\">PLANKTON MARIS EXTRACT: stimola la sintesi delle fibre di elastina e collagene, protegge dallo stress ossidativo.<br \/>\n\u03b2-\u0392ETA-GLUCANO:  riequilibra e protegge il microbiota della pelle, ne stimola le difese immunitarie, combatte i batteri e i segni dell'invecchiamento, combatte la proliferazione batterica.<br \/>\nBETAINA: riequilibra la matrice cellulare, anti-invecchiamento, protegge dai radicali liberi e dalle aggressioni climatiche.<\/p>","protected":false},"excerpt":{"rendered":"<p>Questa magnifica crema contiene ingredienti attivi anti-et\u00e0 che riducono i segni di stanchezza della pelle. Migliora la vitalit\u00e0 delle cellule e ne preserva il patrimonio vitale.<span class=\"Apple-converted-space\">\u00a0<\/span><\/p>","protected":false},"featured_media":902,"template":"","meta":{"_acf_changed":false,"_mo_disable_npp":"","site-sidebar-layout":"default","site-content-layout":"default","ast-site-content-layout":"default","site-content-style":"default","site-sidebar-style":"default","ast-global-header-display":"","ast-banner-title-visibility":"","ast-main-header-display":"","ast-hfb-above-header-display":"","ast-hfb-below-header-display":"","ast-hfb-mobile-header-display":"","site-post-title":"","ast-breadcrumbs-content":"","ast-featured-img":"","footer-sml-layout":"","ast-disable-related-posts":"","theme-transparent-header-meta":"default","adv-header-id-meta":"","stick-header-meta":"","header-above-stick-meta":"","header-main-stick-meta":"","header-below-stick-meta":"","astra-migrate-meta-layouts":"set","ast-page-background-enabled":"default","ast-page-background-meta":{"desktop":{"background-color":"var(--ast-global-color-4)","background-image":"","background-repeat":"repeat","background-position":"center center","background-size":"auto","background-attachment":"scroll","background-type":"","background-media":"","overlay-type":"","overlay-color":"","overlay-opacity":"","overlay-gradient":""},"tablet":{"background-color":"","background-image":"","background-repeat":"repeat","background-position":"center center","background-size":"auto","background-attachment":"scroll","background-type":"","background-media":"","overlay-type":"","overlay-color":"","overlay-opacity":"","overlay-gradient":""},"mobile":{"background-color":"","background-image":"","background-repeat":"repeat","background-position":"center center","background-size":"auto","background-attachment":"scroll","background-type":"","background-media":"","overlay-type":"","overlay-color":"","overlay-opacity":"","overlay-gradient":""}},"ast-content-background-meta":{"desktop":{"background-color":"var(--ast-global-color-5)","background-image":"","background-repeat":"repeat","background-position":"center center","background-size":"auto","background-attachment":"scroll","background-type":"","background-media":"","overlay-type":"","overlay-color":"","overlay-opacity":"","overlay-gradient":""},"tablet":{"background-color":"var(--ast-global-color-5)","background-image":"","background-repeat":"repeat","background-position":"center center","background-size":"auto","background-attachment":"scroll","background-type":"","background-media":"","overlay-type":"","overlay-color":"","overlay-opacity":"","overlay-gradient":""},"mobile":{"background-color":"var(--ast-global-color-5)","background-image":"","background-repeat":"repeat","background-position":"center center","background-size":"auto","background-attachment":"scroll","background-type":"","background-media":"","overlay-type":"","overlay-color":"","overlay-opacity":"","overlay-gradient":""}}},"product_brand":[],"product_cat":[36,50],"product_tag":[58],"class_list":{"0":"post-908","1":"product","2":"type-product","3":"status-publish","4":"has-post-thumbnail","6":"product_cat-cremes-jour-nuit","7":"product_cat-genialys-regeneration","8":"product_tag-regeneration-energie","9":"desktop-align-left","10":"tablet-align-left","11":"mobile-align-left","12":"ast-product-gallery-layout-vertical-slider","13":"ast-product-tabs-layout-horizontal","14":"ast-qv-on-image","16":"first","17":"instock","18":"taxable","19":"shipping-taxable","20":"purchasable","21":"product-type-simple"},"acf":[],"yoast_head":"<!-- This site is optimized with the Yoast SEO plugin v27.4 - https:\/\/yoast.com\/product\/yoast-seo-wordpress\/ -->\n<title>Genialys Cr\u00e8me R\u00e9g\u00e9n\u00e9rante 50ml - Lucia Rapetti Laboratoire Naturel<\/title>\n<meta name=\"robots\" content=\"noindex, follow\" \/>\n<meta property=\"og:locale\" content=\"it_IT\" \/>\n<meta property=\"og:type\" content=\"article\" \/>\n<meta property=\"og:title\" content=\"Genialys Cr\u00e8me R\u00e9g\u00e9n\u00e9rante 50ml - Lucia Rapetti Laboratoire Naturel\" \/>\n<meta property=\"og:description\" content=\"Cette magni\ufb01que cr\u00e8me contient des principes actifs anti-\u00e2ge qui r\u00e9duisent les signes de fatigue de la peau. Elle am\u00e9liore la vitalit\u00e9 des cellules et pr\u00e9serve leur patrimoine vital.\u00a0\" \/>\n<meta property=\"og:url\" content=\"https:\/\/lucia-rapetti.pro\/it\/prodotto-2\/genialys-crema-rigenerante-50ml\/\" \/>\n<meta property=\"og:site_name\" content=\"Lucia Rapetti Laboratoire Naturel\" \/>\n<meta property=\"article:publisher\" content=\"https:\/\/www.facebook.com\/luciarapettiofficial\" \/>\n<meta property=\"article:modified_time\" content=\"2024-02-07T08:45:11+00:00\" \/>\n<meta property=\"og:image\" content=\"https:\/\/lucia-rapetti.pro\/wp-content\/uploads\/2023\/06\/LR-sito-genialys-creme.png\" \/>\n\t<meta property=\"og:image:width\" content=\"1200\" \/>\n\t<meta property=\"og:image:height\" content=\"1200\" \/>\n\t<meta property=\"og:image:type\" content=\"image\/png\" \/>\n<meta name=\"twitter:card\" content=\"summary_large_image\" \/>\n<meta name=\"twitter:label1\" content=\"Tempo di lettura stimato\" \/>\n\t<meta name=\"twitter:data1\" content=\"1 minuto\" \/>\n<script type=\"application\/ld+json\" class=\"yoast-schema-graph\">{\"@context\":\"https:\\\/\\\/schema.org\",\"@graph\":[{\"@type\":\"WebPage\",\"@id\":\"https:\\\/\\\/lucia-rapetti.pro\\\/product\\\/genialys-creme-regenerante-50ml\\\/\",\"url\":\"https:\\\/\\\/lucia-rapetti.pro\\\/product\\\/genialys-creme-regenerante-50ml\\\/\",\"name\":\"Genialys Cr\u00e8me R\u00e9g\u00e9n\u00e9rante 50ml - Lucia Rapetti Laboratoire Naturel\",\"isPartOf\":{\"@id\":\"https:\\\/\\\/lucia-rapetti.pro\\\/#website\"},\"primaryImageOfPage\":{\"@id\":\"https:\\\/\\\/lucia-rapetti.pro\\\/product\\\/genialys-creme-regenerante-50ml\\\/#primaryimage\"},\"image\":{\"@id\":\"https:\\\/\\\/lucia-rapetti.pro\\\/product\\\/genialys-creme-regenerante-50ml\\\/#primaryimage\"},\"thumbnailUrl\":\"https:\\\/\\\/lucia-rapetti.pro\\\/wp-content\\\/uploads\\\/2023\\\/06\\\/LR-sito-genialys-creme.png\",\"datePublished\":\"2023-06-27T16:45:41+00:00\",\"dateModified\":\"2024-02-07T08:45:11+00:00\",\"breadcrumb\":{\"@id\":\"https:\\\/\\\/lucia-rapetti.pro\\\/product\\\/genialys-creme-regenerante-50ml\\\/#breadcrumb\"},\"inLanguage\":\"it-IT\",\"potentialAction\":[{\"@type\":\"ReadAction\",\"target\":[\"https:\\\/\\\/lucia-rapetti.pro\\\/product\\\/genialys-creme-regenerante-50ml\\\/\"]}]},{\"@type\":\"ImageObject\",\"inLanguage\":\"it-IT\",\"@id\":\"https:\\\/\\\/lucia-rapetti.pro\\\/product\\\/genialys-creme-regenerante-50ml\\\/#primaryimage\",\"url\":\"https:\\\/\\\/lucia-rapetti.pro\\\/wp-content\\\/uploads\\\/2023\\\/06\\\/LR-sito-genialys-creme.png\",\"contentUrl\":\"https:\\\/\\\/lucia-rapetti.pro\\\/wp-content\\\/uploads\\\/2023\\\/06\\\/LR-sito-genialys-creme.png\",\"width\":1200,\"height\":1200},{\"@type\":\"BreadcrumbList\",\"@id\":\"https:\\\/\\\/lucia-rapetti.pro\\\/product\\\/genialys-creme-regenerante-50ml\\\/#breadcrumb\",\"itemListElement\":[{\"@type\":\"ListItem\",\"position\":1,\"name\":\"Accueil\",\"item\":\"https:\\\/\\\/lucia-rapetti.pro\\\/\"},{\"@type\":\"ListItem\",\"position\":2,\"name\":\"Produits\",\"item\":\"https:\\\/\\\/lucia-rapetti.pro\\\/shop\\\/\"},{\"@type\":\"ListItem\",\"position\":3,\"name\":\"Genialys Cr\u00e8me R\u00e9g\u00e9n\u00e9rante 50ml\"}]},{\"@type\":\"WebSite\",\"@id\":\"https:\\\/\\\/lucia-rapetti.pro\\\/#website\",\"url\":\"https:\\\/\\\/lucia-rapetti.pro\\\/\",\"name\":\"Lucia Rapetti Laboratoire Naturel pour professionnel\",\"description\":\"Laboratoire de cosm\u00e9tique naturel et beaut\u00e9 pour institut et professionnel\",\"publisher\":{\"@id\":\"https:\\\/\\\/lucia-rapetti.pro\\\/#organization\"},\"alternateName\":\"Lucia Rapetti Pro\",\"potentialAction\":[{\"@type\":\"SearchAction\",\"target\":{\"@type\":\"EntryPoint\",\"urlTemplate\":\"https:\\\/\\\/lucia-rapetti.pro\\\/?s={search_term_string}\"},\"query-input\":{\"@type\":\"PropertyValueSpecification\",\"valueRequired\":true,\"valueName\":\"search_term_string\"}}],\"inLanguage\":\"it-IT\"},{\"@type\":\"Organization\",\"@id\":\"https:\\\/\\\/lucia-rapetti.pro\\\/#organization\",\"name\":\"Lucia Rapetti Laboratoire Naturel\",\"alternateName\":\"LR Pro\",\"url\":\"https:\\\/\\\/lucia-rapetti.pro\\\/\",\"logo\":{\"@type\":\"ImageObject\",\"inLanguage\":\"it-IT\",\"@id\":\"https:\\\/\\\/lucia-rapetti.pro\\\/#\\\/schema\\\/logo\\\/image\\\/\",\"url\":\"https:\\\/\\\/lucia-rapetti.pro\\\/wp-content\\\/uploads\\\/2023\\\/04\\\/cropped-lucia-rapetti-logo-1.png\",\"contentUrl\":\"https:\\\/\\\/lucia-rapetti.pro\\\/wp-content\\\/uploads\\\/2023\\\/04\\\/cropped-lucia-rapetti-logo-1.png\",\"width\":850,\"height\":142,\"caption\":\"Lucia Rapetti Laboratoire Naturel\"},\"image\":{\"@id\":\"https:\\\/\\\/lucia-rapetti.pro\\\/#\\\/schema\\\/logo\\\/image\\\/\"},\"sameAs\":[\"https:\\\/\\\/www.facebook.com\\\/luciarapettiofficial\",\"https:\\\/\\\/www.instagram.com\\\/luciarapettiofficial\\\/\"]}]}<\/script>\n<!-- \/ Yoast SEO plugin. -->","yoast_head_json":{"title":"Genialys Crema Rigenerante 50ml - Lucia Rapetti Laboratorio Naturale","robots":{"index":"noindex","follow":"follow"},"og_locale":"it_IT","og_type":"article","og_title":"Genialys Cr\u00e8me R\u00e9g\u00e9n\u00e9rante 50ml - Lucia Rapetti Laboratoire Naturel","og_description":"Cette magni\ufb01que cr\u00e8me contient des principes actifs anti-\u00e2ge qui r\u00e9duisent les signes de fatigue de la peau. Elle am\u00e9liore la vitalit\u00e9 des cellules et pr\u00e9serve leur patrimoine vital.\u00a0","og_url":"https:\/\/lucia-rapetti.pro\/it\/prodotto-2\/genialys-crema-rigenerante-50ml\/","og_site_name":"Lucia Rapetti Laboratoire Naturel","article_publisher":"https:\/\/www.facebook.com\/luciarapettiofficial","article_modified_time":"2024-02-07T08:45:11+00:00","og_image":[{"width":1200,"height":1200,"url":"https:\/\/lucia-rapetti.pro\/wp-content\/uploads\/2023\/06\/LR-sito-genialys-creme.png","type":"image\/png"}],"twitter_card":"summary_large_image","twitter_misc":{"Tempo di lettura stimato":"1 minuto"},"schema":{"@context":"https:\/\/schema.org","@graph":[{"@type":"WebPage","@id":"https:\/\/lucia-rapetti.pro\/product\/genialys-creme-regenerante-50ml\/","url":"https:\/\/lucia-rapetti.pro\/product\/genialys-creme-regenerante-50ml\/","name":"Genialys Crema Rigenerante 50ml - Lucia Rapetti Laboratorio Naturale","isPartOf":{"@id":"https:\/\/lucia-rapetti.pro\/#website"},"primaryImageOfPage":{"@id":"https:\/\/lucia-rapetti.pro\/product\/genialys-creme-regenerante-50ml\/#primaryimage"},"image":{"@id":"https:\/\/lucia-rapetti.pro\/product\/genialys-creme-regenerante-50ml\/#primaryimage"},"thumbnailUrl":"https:\/\/lucia-rapetti.pro\/wp-content\/uploads\/2023\/06\/LR-sito-genialys-creme.png","datePublished":"2023-06-27T16:45:41+00:00","dateModified":"2024-02-07T08:45:11+00:00","breadcrumb":{"@id":"https:\/\/lucia-rapetti.pro\/product\/genialys-creme-regenerante-50ml\/#breadcrumb"},"inLanguage":"it-IT","potentialAction":[{"@type":"ReadAction","target":["https:\/\/lucia-rapetti.pro\/product\/genialys-creme-regenerante-50ml\/"]}]},{"@type":"ImageObject","inLanguage":"it-IT","@id":"https:\/\/lucia-rapetti.pro\/product\/genialys-creme-regenerante-50ml\/#primaryimage","url":"https:\/\/lucia-rapetti.pro\/wp-content\/uploads\/2023\/06\/LR-sito-genialys-creme.png","contentUrl":"https:\/\/lucia-rapetti.pro\/wp-content\/uploads\/2023\/06\/LR-sito-genialys-creme.png","width":1200,"height":1200},{"@type":"BreadcrumbList","@id":"https:\/\/lucia-rapetti.pro\/product\/genialys-creme-regenerante-50ml\/#breadcrumb","itemListElement":[{"@type":"ListItem","position":1,"name":"Accueil","item":"https:\/\/lucia-rapetti.pro\/"},{"@type":"ListItem","position":2,"name":"Produits","item":"https:\/\/lucia-rapetti.pro\/shop\/"},{"@type":"ListItem","position":3,"name":"Genialys Cr\u00e8me R\u00e9g\u00e9n\u00e9rante 50ml"}]},{"@type":"WebSite","@id":"https:\/\/lucia-rapetti.pro\/#website","url":"https:\/\/lucia-rapetti.pro\/","name":"Lucia Rapetti Laboratorio naturale per professionisti","description":"Laboratorio di cosmesi naturale e di bellezza per istituti e professionisti","publisher":{"@id":"https:\/\/lucia-rapetti.pro\/#organization"},"alternateName":"Lucia Rapetti Pro","potentialAction":[{"@type":"SearchAction","target":{"@type":"EntryPoint","urlTemplate":"https:\/\/lucia-rapetti.pro\/?s={search_term_string}"},"query-input":{"@type":"PropertyValueSpecification","valueRequired":true,"valueName":"search_term_string"}}],"inLanguage":"it-IT"},{"@type":"Organization","@id":"https:\/\/lucia-rapetti.pro\/#organization","name":"Lucia Rapetti Laboratoire Naturel","alternateName":"LR Pro","url":"https:\/\/lucia-rapetti.pro\/","logo":{"@type":"ImageObject","inLanguage":"it-IT","@id":"https:\/\/lucia-rapetti.pro\/#\/schema\/logo\/image\/","url":"https:\/\/lucia-rapetti.pro\/wp-content\/uploads\/2023\/04\/cropped-lucia-rapetti-logo-1.png","contentUrl":"https:\/\/lucia-rapetti.pro\/wp-content\/uploads\/2023\/04\/cropped-lucia-rapetti-logo-1.png","width":850,"height":142,"caption":"Lucia Rapetti Laboratoire Naturel"},"image":{"@id":"https:\/\/lucia-rapetti.pro\/#\/schema\/logo\/image\/"},"sameAs":["https:\/\/www.facebook.com\/luciarapettiofficial","https:\/\/www.instagram.com\/luciarapettiofficial\/"]}]}},"_links":{"self":[{"href":"https:\/\/lucia-rapetti.pro\/it\/wp-json\/wp\/v2\/product\/908","targetHints":{"allow":["GET"]}}],"collection":[{"href":"https:\/\/lucia-rapetti.pro\/it\/wp-json\/wp\/v2\/product"}],"about":[{"href":"https:\/\/lucia-rapetti.pro\/it\/wp-json\/wp\/v2\/types\/product"}],"wp:featuredmedia":[{"embeddable":true,"href":"https:\/\/lucia-rapetti.pro\/it\/wp-json\/wp\/v2\/media\/902"}],"wp:attachment":[{"href":"https:\/\/lucia-rapetti.pro\/it\/wp-json\/wp\/v2\/media?parent=908"}],"wp:term":[{"taxonomy":"product_brand","embeddable":true,"href":"https:\/\/lucia-rapetti.pro\/it\/wp-json\/wp\/v2\/product_brand?post=908"},{"taxonomy":"product_cat","embeddable":true,"href":"https:\/\/lucia-rapetti.pro\/it\/wp-json\/wp\/v2\/product_cat?post=908"},{"taxonomy":"product_tag","embeddable":true,"href":"https:\/\/lucia-rapetti.pro\/it\/wp-json\/wp\/v2\/product_tag?post=908"}],"curies":[{"name":"wp","href":"https:\/\/api.w.org\/{rel}","templated":true}]}}