{"id":954,"date":"2023-06-28T10:53:57","date_gmt":"2023-06-28T08:53:57","guid":{"rendered":"https:\/\/client.comanddesign.com\/?post_type=product&#038;p=954"},"modified":"2026-02-11T15:26:10","modified_gmt":"2026-02-11T14:26:10","slug":"lifeclear-400ml","status":"publish","type":"product","link":"https:\/\/lucia-rapetti.pro\/es\/producto-2\/lifeclear-400ml\/","title":{"rendered":"Lifeclear 400ml - Loci\u00f3n tonificante profesional - Cosm\u00e9ticos para salones de belleza"},"content":{"rendered":"<h3 data-start=\"760\" data-end=\"785\">Inter\u00e9s profesional<\/h3>\n<p data-start=\"787\" data-end=\"938\">\u2022 Finalizar el desmaquillado en cabina<br data-start=\"824\" data-end=\"827\" \/>\u2022 Reequilibrar el pH de la piel<br data-start=\"854\" data-end=\"857\" \/>Optimizar la penetraci\u00f3n de activos<br data-start=\"894\" data-end=\"897\" \/>\u2022 Estructurar un protocolo facial experto<\/p>\n<p data-start=\"940\" data-end=\"1036\">En un instituto, la calidad de las etapas de preparaci\u00f3n condiciona la eficacia global del tratamiento.<\/p>\n<hr data-start=\"1038\" data-end=\"1041\" \/>\n<h3 data-start=\"1043\" data-end=\"1075\">Indicaciones profesionales<\/h3>\n<p data-start=\"1077\" data-end=\"1189\">\u2022 Todo tipo de piel<br data-start=\"1097\" data-end=\"1100\" \/>\u2022 Pieles sensibles<br data-start=\"1117\" data-end=\"1120\" \/>\u2022 Limpieza de cabina<br data-start=\"1138\" data-end=\"1141\" \/>\u2022 Preparaci\u00f3n para el cuidado antienvejecimiento o hidratante<\/p>\n<hr data-start=\"1191\" data-end=\"1194\" \/>\n<h3 data-start=\"1196\" data-end=\"1218\">Resultados observados<\/h3>\n<p data-start=\"1220\" data-end=\"1361\">La piel est\u00e1 limpia, fresca y lista para recibir el tratamiento espec\u00edfico. LIFECLEAR mejora el rendimiento de los protocolos faciales profesionales.<\/p>\n<p data-start=\"1220\" data-end=\"1361\">\n<p data-start=\"1220\" data-end=\"1361\">Integrado en nuestra l\u00ednea completa de <a href=\"https:\/\/lucia-rapetti.pro\/es\/cosmeticos-para-salones-de-belleza\/\"><strong data-start=\"1421\" data-end=\"1459\">cosm\u00e9ticos para salones de belleza<\/strong><\/a>, este tratamiento optimiza cada protocolo de cabina profesional.<\/p>","protected":false},"excerpt":{"rendered":"<p data-start=\"392\" data-end=\"552\"><strong data-start=\"392\" data-end=\"411\">LIFECLEAR 400ML<\/strong> es un cosm\u00e9tico profesional para institutos de belleza dise\u00f1ado para perfeccionar la limpieza de la piel y preparar la epidermis para los tratamientos en cabina.<\/p>\n<p data-start=\"554\" data-end=\"753\">Desarrollada por el laboratorio Lucia Rapetti PRO, esta loci\u00f3n t\u00f3nica profesional se integra en los protocolos faciales estructurados en salones, garantizando el equilibrio de la piel y el confort inmediato.<\/p>","protected":false},"featured_media":928,"template":"","meta":{"_acf_changed":false,"_mo_disable_npp":"","site-sidebar-layout":"default","site-content-layout":"default","ast-site-content-layout":"default","site-content-style":"default","site-sidebar-style":"default","ast-global-header-display":"","ast-banner-title-visibility":"","ast-main-header-display":"","ast-hfb-above-header-display":"","ast-hfb-below-header-display":"","ast-hfb-mobile-header-display":"","site-post-title":"","ast-breadcrumbs-content":"","ast-featured-img":"","footer-sml-layout":"","ast-disable-related-posts":"","theme-transparent-header-meta":"default","adv-header-id-meta":"","stick-header-meta":"","header-above-stick-meta":"","header-main-stick-meta":"","header-below-stick-meta":"","astra-migrate-meta-layouts":"set","ast-page-background-enabled":"default","ast-page-background-meta":{"desktop":{"background-color":"var(--ast-global-color-4)","background-image":"","background-repeat":"repeat","background-position":"center center","background-size":"auto","background-attachment":"scroll","background-type":"","background-media":"","overlay-type":"","overlay-color":"","overlay-opacity":"","overlay-gradient":""},"tablet":{"background-color":"","background-image":"","background-repeat":"repeat","background-position":"center center","background-size":"auto","background-attachment":"scroll","background-type":"","background-media":"","overlay-type":"","overlay-color":"","overlay-opacity":"","overlay-gradient":""},"mobile":{"background-color":"","background-image":"","background-repeat":"repeat","background-position":"center center","background-size":"auto","background-attachment":"scroll","background-type":"","background-media":"","overlay-type":"","overlay-color":"","overlay-opacity":"","overlay-gradient":""}},"ast-content-background-meta":{"desktop":{"background-color":"var(--ast-global-color-5)","background-image":"","background-repeat":"repeat","background-position":"center center","background-size":"auto","background-attachment":"scroll","background-type":"","background-media":"","overlay-type":"","overlay-color":"","overlay-opacity":"","overlay-gradient":""},"tablet":{"background-color":"var(--ast-global-color-5)","background-image":"","background-repeat":"repeat","background-position":"center center","background-size":"auto","background-attachment":"scroll","background-type":"","background-media":"","overlay-type":"","overlay-color":"","overlay-opacity":"","overlay-gradient":""},"mobile":{"background-color":"var(--ast-global-color-5)","background-image":"","background-repeat":"repeat","background-position":"center center","background-size":"auto","background-attachment":"scroll","background-type":"","background-media":"","overlay-type":"","overlay-color":"","overlay-opacity":"","overlay-gradient":""}}},"product_brand":[],"product_cat":[34,49],"product_tag":[60,62],"class_list":{"0":"post-954","1":"product","2":"type-product","3":"status-publish","4":"has-post-thumbnail","6":"product_cat-demaquillants-nettoyants","7":"product_cat-life-anti-age","8":"product_tag-anti-age","9":"product_tag-peaux-fatiguees-et-matures","10":"desktop-align-left","11":"tablet-align-left","12":"mobile-align-left","13":"ast-product-gallery-layout-vertical-slider","14":"ast-product-tabs-layout-horizontal","15":"ast-qv-on-image","17":"first","18":"instock","19":"taxable","20":"shipping-taxable","21":"purchasable","22":"product-type-simple"},"acf":[],"yoast_head":"<!-- This site is optimized with the Yoast SEO plugin v27.6 - https:\/\/yoast.com\/product\/yoast-seo-wordpress\/ -->\n<title>Lifeclear 400ml - Lotion professionnelle tonifiante \u2013 Cosm\u00e9tique pour institut de beaut\u00e9 - Lucia Rapetti Laboratoire Naturel<\/title>\n<meta name=\"robots\" content=\"noindex, follow\" \/>\n<meta property=\"og:locale\" content=\"es_ES\" \/>\n<meta property=\"og:type\" content=\"article\" \/>\n<meta property=\"og:title\" content=\"Lifeclear 400ml - Lotion professionnelle tonifiante \u2013 Cosm\u00e9tique pour institut de beaut\u00e9 - Lucia Rapetti Laboratoire Naturel\" \/>\n<meta property=\"og:description\" content=\"LIFECLEAR 400ML est un cosm\u00e9tique professionnel pour institut de beaut\u00e9 con\u00e7u pour parfaire le nettoyage de la peau et pr\u00e9parer l\u2019\u00e9piderme aux soins cabine. D\u00e9velopp\u00e9e par le laboratoire Lucia Rapetti PRO, cette lotion tonifiante professionnelle s\u2019int\u00e8gre dans les protocoles visage structur\u00e9s en institut, en assurant \u00e9quilibre cutan\u00e9 et confort imm\u00e9diat.\" \/>\n<meta property=\"og:url\" content=\"https:\/\/lucia-rapetti.pro\/es\/producto-2\/lifeclear-400ml\/\" \/>\n<meta property=\"og:site_name\" content=\"Lucia Rapetti Laboratoire Naturel\" \/>\n<meta property=\"article:publisher\" content=\"https:\/\/www.facebook.com\/luciarapettiofficial\" \/>\n<meta property=\"article:modified_time\" content=\"2026-02-11T14:26:10+00:00\" \/>\n<meta property=\"og:image\" content=\"https:\/\/lucia-rapetti.pro\/wp-content\/uploads\/2023\/06\/LR-sito-lifeclear.png\" \/>\n\t<meta property=\"og:image:width\" content=\"1200\" \/>\n\t<meta property=\"og:image:height\" content=\"1200\" \/>\n\t<meta property=\"og:image:type\" content=\"image\/png\" \/>\n<meta name=\"twitter:card\" content=\"summary_large_image\" \/>\n<meta name=\"twitter:label1\" content=\"Tiempo de lectura\" \/>\n\t<meta name=\"twitter:data1\" content=\"1 minuto\" \/>\n<script type=\"application\/ld+json\" class=\"yoast-schema-graph\">{\"@context\":\"https:\\\/\\\/schema.org\",\"@graph\":[{\"@type\":\"WebPage\",\"@id\":\"https:\\\/\\\/lucia-rapetti.pro\\\/product\\\/lifeclear-400ml\\\/\",\"url\":\"https:\\\/\\\/lucia-rapetti.pro\\\/product\\\/lifeclear-400ml\\\/\",\"name\":\"Lifeclear 400ml - Lotion professionnelle tonifiante \u2013 Cosm\u00e9tique pour institut de beaut\u00e9 - Lucia Rapetti Laboratoire Naturel\",\"isPartOf\":{\"@id\":\"https:\\\/\\\/lucia-rapetti.pro\\\/#website\"},\"primaryImageOfPage\":{\"@id\":\"https:\\\/\\\/lucia-rapetti.pro\\\/product\\\/lifeclear-400ml\\\/#primaryimage\"},\"image\":{\"@id\":\"https:\\\/\\\/lucia-rapetti.pro\\\/product\\\/lifeclear-400ml\\\/#primaryimage\"},\"thumbnailUrl\":\"https:\\\/\\\/lucia-rapetti.pro\\\/wp-content\\\/uploads\\\/2023\\\/06\\\/LR-sito-lifeclear.png\",\"datePublished\":\"2023-06-28T08:53:57+00:00\",\"dateModified\":\"2026-02-11T14:26:10+00:00\",\"breadcrumb\":{\"@id\":\"https:\\\/\\\/lucia-rapetti.pro\\\/product\\\/lifeclear-400ml\\\/#breadcrumb\"},\"inLanguage\":\"es\",\"potentialAction\":[{\"@type\":\"ReadAction\",\"target\":[\"https:\\\/\\\/lucia-rapetti.pro\\\/product\\\/lifeclear-400ml\\\/\"]}]},{\"@type\":\"ImageObject\",\"inLanguage\":\"es\",\"@id\":\"https:\\\/\\\/lucia-rapetti.pro\\\/product\\\/lifeclear-400ml\\\/#primaryimage\",\"url\":\"https:\\\/\\\/lucia-rapetti.pro\\\/wp-content\\\/uploads\\\/2023\\\/06\\\/LR-sito-lifeclear.png\",\"contentUrl\":\"https:\\\/\\\/lucia-rapetti.pro\\\/wp-content\\\/uploads\\\/2023\\\/06\\\/LR-sito-lifeclear.png\",\"width\":1200,\"height\":1200},{\"@type\":\"BreadcrumbList\",\"@id\":\"https:\\\/\\\/lucia-rapetti.pro\\\/product\\\/lifeclear-400ml\\\/#breadcrumb\",\"itemListElement\":[{\"@type\":\"ListItem\",\"position\":1,\"name\":\"Accueil\",\"item\":\"https:\\\/\\\/lucia-rapetti.pro\\\/\"},{\"@type\":\"ListItem\",\"position\":2,\"name\":\"Produits\",\"item\":\"https:\\\/\\\/lucia-rapetti.pro\\\/shop\\\/\"},{\"@type\":\"ListItem\",\"position\":3,\"name\":\"Lifeclear 400ml &#8211; Lotion professionnelle tonifiante \u2013 Cosm\u00e9tique pour institut de beaut\u00e9\"}]},{\"@type\":\"WebSite\",\"@id\":\"https:\\\/\\\/lucia-rapetti.pro\\\/#website\",\"url\":\"https:\\\/\\\/lucia-rapetti.pro\\\/\",\"name\":\"Lucia Rapetti Laboratoire Naturel pour professionnel\",\"description\":\"Laboratoire de cosm\u00e9tique naturel et beaut\u00e9 pour institut et professionnel\",\"publisher\":{\"@id\":\"https:\\\/\\\/lucia-rapetti.pro\\\/#organization\"},\"alternateName\":\"Lucia Rapetti Pro\",\"potentialAction\":[{\"@type\":\"SearchAction\",\"target\":{\"@type\":\"EntryPoint\",\"urlTemplate\":\"https:\\\/\\\/lucia-rapetti.pro\\\/?s={search_term_string}\"},\"query-input\":{\"@type\":\"PropertyValueSpecification\",\"valueRequired\":true,\"valueName\":\"search_term_string\"}}],\"inLanguage\":\"es\"},{\"@type\":\"Organization\",\"@id\":\"https:\\\/\\\/lucia-rapetti.pro\\\/#organization\",\"name\":\"Lucia Rapetti Laboratoire Naturel\",\"alternateName\":\"LR Pro\",\"url\":\"https:\\\/\\\/lucia-rapetti.pro\\\/\",\"logo\":{\"@type\":\"ImageObject\",\"inLanguage\":\"es\",\"@id\":\"https:\\\/\\\/lucia-rapetti.pro\\\/#\\\/schema\\\/logo\\\/image\\\/\",\"url\":\"https:\\\/\\\/lucia-rapetti.pro\\\/wp-content\\\/uploads\\\/2023\\\/04\\\/cropped-lucia-rapetti-logo-1.png\",\"contentUrl\":\"https:\\\/\\\/lucia-rapetti.pro\\\/wp-content\\\/uploads\\\/2023\\\/04\\\/cropped-lucia-rapetti-logo-1.png\",\"width\":850,\"height\":142,\"caption\":\"Lucia Rapetti Laboratoire Naturel\"},\"image\":{\"@id\":\"https:\\\/\\\/lucia-rapetti.pro\\\/#\\\/schema\\\/logo\\\/image\\\/\"},\"sameAs\":[\"https:\\\/\\\/www.facebook.com\\\/luciarapettiofficial\",\"https:\\\/\\\/www.instagram.com\\\/luciarapettiofficial\\\/\"]}]}<\/script>\n<!-- \/ Yoast SEO plugin. -->","yoast_head_json":{"title":"Lifeclear 400ml - Loci\u00f3n tonificante profesional \u2013 Cosm\u00e9tica para salones de belleza - Lucia Rapetti Laboratorio Natural","robots":{"index":"noindex","follow":"follow"},"og_locale":"es_ES","og_type":"article","og_title":"Lifeclear 400ml - Lotion professionnelle tonifiante \u2013 Cosm\u00e9tique pour institut de beaut\u00e9 - Lucia Rapetti Laboratoire Naturel","og_description":"LIFECLEAR 400ML est un cosm\u00e9tique professionnel pour institut de beaut\u00e9 con\u00e7u pour parfaire le nettoyage de la peau et pr\u00e9parer l\u2019\u00e9piderme aux soins cabine. D\u00e9velopp\u00e9e par le laboratoire Lucia Rapetti PRO, cette lotion tonifiante professionnelle s\u2019int\u00e8gre dans les protocoles visage structur\u00e9s en institut, en assurant \u00e9quilibre cutan\u00e9 et confort imm\u00e9diat.","og_url":"https:\/\/lucia-rapetti.pro\/es\/producto-2\/lifeclear-400ml\/","og_site_name":"Lucia Rapetti Laboratoire Naturel","article_publisher":"https:\/\/www.facebook.com\/luciarapettiofficial","article_modified_time":"2026-02-11T14:26:10+00:00","og_image":[{"width":1200,"height":1200,"url":"https:\/\/lucia-rapetti.pro\/wp-content\/uploads\/2023\/06\/LR-sito-lifeclear.png","type":"image\/png"}],"twitter_card":"summary_large_image","twitter_misc":{"Tiempo de lectura":"1 minuto"},"schema":{"@context":"https:\/\/schema.org","@graph":[{"@type":"WebPage","@id":"https:\/\/lucia-rapetti.pro\/product\/lifeclear-400ml\/","url":"https:\/\/lucia-rapetti.pro\/product\/lifeclear-400ml\/","name":"Lifeclear 400ml - Loci\u00f3n tonificante profesional \u2013 Cosm\u00e9tica para salones de belleza - Lucia Rapetti Laboratorio Natural","isPartOf":{"@id":"https:\/\/lucia-rapetti.pro\/#website"},"primaryImageOfPage":{"@id":"https:\/\/lucia-rapetti.pro\/product\/lifeclear-400ml\/#primaryimage"},"image":{"@id":"https:\/\/lucia-rapetti.pro\/product\/lifeclear-400ml\/#primaryimage"},"thumbnailUrl":"https:\/\/lucia-rapetti.pro\/wp-content\/uploads\/2023\/06\/LR-sito-lifeclear.png","datePublished":"2023-06-28T08:53:57+00:00","dateModified":"2026-02-11T14:26:10+00:00","breadcrumb":{"@id":"https:\/\/lucia-rapetti.pro\/product\/lifeclear-400ml\/#breadcrumb"},"inLanguage":"es","potentialAction":[{"@type":"ReadAction","target":["https:\/\/lucia-rapetti.pro\/product\/lifeclear-400ml\/"]}]},{"@type":"ImageObject","inLanguage":"es","@id":"https:\/\/lucia-rapetti.pro\/product\/lifeclear-400ml\/#primaryimage","url":"https:\/\/lucia-rapetti.pro\/wp-content\/uploads\/2023\/06\/LR-sito-lifeclear.png","contentUrl":"https:\/\/lucia-rapetti.pro\/wp-content\/uploads\/2023\/06\/LR-sito-lifeclear.png","width":1200,"height":1200},{"@type":"BreadcrumbList","@id":"https:\/\/lucia-rapetti.pro\/product\/lifeclear-400ml\/#breadcrumb","itemListElement":[{"@type":"ListItem","position":1,"name":"Accueil","item":"https:\/\/lucia-rapetti.pro\/"},{"@type":"ListItem","position":2,"name":"Produits","item":"https:\/\/lucia-rapetti.pro\/shop\/"},{"@type":"ListItem","position":3,"name":"Lifeclear 400ml &#8211; Lotion professionnelle tonifiante \u2013 Cosm\u00e9tique pour institut de beaut\u00e9"}]},{"@type":"WebSite","@id":"https:\/\/lucia-rapetti.pro\/#website","url":"https:\/\/lucia-rapetti.pro\/","name":"Lucia Rapetti Laboratorio natural para profesionales","description":"Laboratorio de cosm\u00e9tica natural y belleza para institutos y profesionales","publisher":{"@id":"https:\/\/lucia-rapetti.pro\/#organization"},"alternateName":"Lucia Rapetti Pro","potentialAction":[{"@type":"SearchAction","target":{"@type":"EntryPoint","urlTemplate":"https:\/\/lucia-rapetti.pro\/?s={search_term_string}"},"query-input":{"@type":"PropertyValueSpecification","valueRequired":true,"valueName":"search_term_string"}}],"inLanguage":"es"},{"@type":"Organization","@id":"https:\/\/lucia-rapetti.pro\/#organization","name":"Lucia Rapetti Laboratorio Natural","alternateName":"LR Pro","url":"https:\/\/lucia-rapetti.pro\/","logo":{"@type":"ImageObject","inLanguage":"es","@id":"https:\/\/lucia-rapetti.pro\/#\/schema\/logo\/image\/","url":"https:\/\/lucia-rapetti.pro\/wp-content\/uploads\/2023\/04\/cropped-lucia-rapetti-logo-1.png","contentUrl":"https:\/\/lucia-rapetti.pro\/wp-content\/uploads\/2023\/04\/cropped-lucia-rapetti-logo-1.png","width":850,"height":142,"caption":"Lucia Rapetti Laboratoire Naturel"},"image":{"@id":"https:\/\/lucia-rapetti.pro\/#\/schema\/logo\/image\/"},"sameAs":["https:\/\/www.facebook.com\/luciarapettiofficial","https:\/\/www.instagram.com\/luciarapettiofficial\/"]}]}},"_links":{"self":[{"href":"https:\/\/lucia-rapetti.pro\/es\/wp-json\/wp\/v2\/product\/954","targetHints":{"allow":["GET"]}}],"collection":[{"href":"https:\/\/lucia-rapetti.pro\/es\/wp-json\/wp\/v2\/product"}],"about":[{"href":"https:\/\/lucia-rapetti.pro\/es\/wp-json\/wp\/v2\/types\/product"}],"wp:featuredmedia":[{"embeddable":true,"href":"https:\/\/lucia-rapetti.pro\/es\/wp-json\/wp\/v2\/media\/928"}],"wp:attachment":[{"href":"https:\/\/lucia-rapetti.pro\/es\/wp-json\/wp\/v2\/media?parent=954"}],"wp:term":[{"taxonomy":"product_brand","embeddable":true,"href":"https:\/\/lucia-rapetti.pro\/es\/wp-json\/wp\/v2\/product_brand?post=954"},{"taxonomy":"product_cat","embeddable":true,"href":"https:\/\/lucia-rapetti.pro\/es\/wp-json\/wp\/v2\/product_cat?post=954"},{"taxonomy":"product_tag","embeddable":true,"href":"https:\/\/lucia-rapetti.pro\/es\/wp-json\/wp\/v2\/product_tag?post=954"}],"curies":[{"name":"wp","href":"https:\/\/api.w.org\/{rel}","templated":true}]}}