{"id":952,"date":"2023-06-28T10:44:17","date_gmt":"2023-06-28T08:44:17","guid":{"rendered":"https:\/\/client.comanddesign.com\/?post_type=product&#038;p=952"},"modified":"2026-02-11T15:27:09","modified_gmt":"2026-02-11T14:27:09","slug":"lifeclean-400ml","status":"publish","type":"product","link":"https:\/\/lucia-rapetti.pro\/es\/producto-2\/lifeclean-400ml\/","title":{"rendered":"Lifeclean 400ml - Limpiador profesional - Cosm\u00e9ticos para salones de belleza"},"content":{"rendered":"<h3 data-start=\"1943\" data-end=\"1981\">\u00bfPor qu\u00e9 proponerlo en el instituto?<\/h3>\n<p data-start=\"1983\" data-end=\"2143\">\u2022 Limpieza profunda sin agresi\u00f3n<br data-start=\"2017\" data-end=\"2020\" \/>\u2022 Apto para pieles sensibles<br data-start=\"2048\" data-end=\"2051\" \/>\u2022 Base esencial de un protocolo facial estructurado<br data-start=\"2101\" data-end=\"2104\" \/>\u2022 Soporte de reventa complementario<\/p>\n<hr data-start=\"2145\" data-end=\"2148\" \/>\n<h3 data-start=\"2150\" data-end=\"2182\">Indicaciones profesionales<\/h3>\n<p data-start=\"2184\" data-end=\"2283\">\u2022 Todo tipo de piel<br data-start=\"2204\" data-end=\"2207\" \/>\u2022 Limpieza de cabina<br data-start=\"2225\" data-end=\"2228\" \/>\u2022 Pre-tratamiento antienvejecimiento<br data-start=\"2247\" data-end=\"2250\" \/>\u2022 Preparaci\u00f3n peeling o mascarilla<\/p>\n<hr data-start=\"2285\" data-end=\"2288\" \/>\n<h3 data-start=\"2290\" data-end=\"2315\">Resultados del Instituto<\/h3>\n<p data-start=\"2317\" data-end=\"2468\">La piel est\u00e1 perfectamente limpia, suave y lista para recibir los activos espec\u00edficos. Una limpieza profesional bien ejecutada mejora los resultados visibles.<\/p>\n<p data-start=\"2317\" data-end=\"2468\">\n<p data-start=\"2489\" data-end=\"2628\">LIFECLEAN es parte de nuestra gama experta de <a href=\"https:\/\/lucia-rapetti.pro\/es\/cosmeticos-para-salones-de-belleza\/\"><strong data-start=\"2542\" data-end=\"2594\">cosm\u00e9tica profesional para salones de belleza<\/strong><\/a> desarrollada por nuestro laboratorio.<\/p>","protected":false},"excerpt":{"rendered":"<p data-start=\"1648\" data-end=\"1795\"><strong data-start=\"1648\" data-end=\"1667\">LIFECLEAN 400ML<\/strong> es un limpiador profesional para salones de belleza dise\u00f1ado para eliminar eficazmente el maquillaje, las impurezas y el exceso de sebo.<\/p>\n<p data-start=\"1797\" data-end=\"1936\">Desarrollado para uso regular en cabina, garantiza tolerancia dermatol\u00f3gica y eficacia, indispensables en entornos profesionales.<\/p>","protected":false},"featured_media":927,"template":"","meta":{"_acf_changed":false,"_mo_disable_npp":"","site-sidebar-layout":"default","site-content-layout":"default","ast-site-content-layout":"default","site-content-style":"default","site-sidebar-style":"default","ast-global-header-display":"","ast-banner-title-visibility":"","ast-main-header-display":"","ast-hfb-above-header-display":"","ast-hfb-below-header-display":"","ast-hfb-mobile-header-display":"","site-post-title":"","ast-breadcrumbs-content":"","ast-featured-img":"","footer-sml-layout":"","ast-disable-related-posts":"","theme-transparent-header-meta":"default","adv-header-id-meta":"","stick-header-meta":"","header-above-stick-meta":"","header-main-stick-meta":"","header-below-stick-meta":"","astra-migrate-meta-layouts":"set","ast-page-background-enabled":"default","ast-page-background-meta":{"desktop":{"background-color":"var(--ast-global-color-4)","background-image":"","background-repeat":"repeat","background-position":"center center","background-size":"auto","background-attachment":"scroll","background-type":"","background-media":"","overlay-type":"","overlay-color":"","overlay-opacity":"","overlay-gradient":""},"tablet":{"background-color":"","background-image":"","background-repeat":"repeat","background-position":"center center","background-size":"auto","background-attachment":"scroll","background-type":"","background-media":"","overlay-type":"","overlay-color":"","overlay-opacity":"","overlay-gradient":""},"mobile":{"background-color":"","background-image":"","background-repeat":"repeat","background-position":"center center","background-size":"auto","background-attachment":"scroll","background-type":"","background-media":"","overlay-type":"","overlay-color":"","overlay-opacity":"","overlay-gradient":""}},"ast-content-background-meta":{"desktop":{"background-color":"var(--ast-global-color-5)","background-image":"","background-repeat":"repeat","background-position":"center center","background-size":"auto","background-attachment":"scroll","background-type":"","background-media":"","overlay-type":"","overlay-color":"","overlay-opacity":"","overlay-gradient":""},"tablet":{"background-color":"var(--ast-global-color-5)","background-image":"","background-repeat":"repeat","background-position":"center center","background-size":"auto","background-attachment":"scroll","background-type":"","background-media":"","overlay-type":"","overlay-color":"","overlay-opacity":"","overlay-gradient":""},"mobile":{"background-color":"var(--ast-global-color-5)","background-image":"","background-repeat":"repeat","background-position":"center center","background-size":"auto","background-attachment":"scroll","background-type":"","background-media":"","overlay-type":"","overlay-color":"","overlay-opacity":"","overlay-gradient":""}}},"product_brand":[],"product_cat":[34,49],"product_tag":[60,62],"class_list":{"0":"post-952","1":"product","2":"type-product","3":"status-publish","4":"has-post-thumbnail","6":"product_cat-demaquillants-nettoyants","7":"product_cat-life-anti-age","8":"product_tag-anti-age","9":"product_tag-peaux-fatiguees-et-matures","10":"desktop-align-left","11":"tablet-align-left","12":"mobile-align-left","13":"ast-product-gallery-layout-vertical-slider","14":"ast-product-tabs-layout-horizontal","15":"ast-qv-on-image","17":"first","18":"instock","19":"taxable","20":"shipping-taxable","21":"purchasable","22":"product-type-simple"},"acf":[],"yoast_head":"<!-- This site is optimized with the Yoast SEO plugin v27.6 - https:\/\/yoast.com\/product\/yoast-seo-wordpress\/ -->\n<title>Lifeclean 400ml - Nettoyant professionnel \u2013 Cosm\u00e9tique pour institut de beaut\u00e9 - Lucia Rapetti Laboratoire Naturel<\/title>\n<meta name=\"robots\" content=\"noindex, follow\" \/>\n<meta property=\"og:locale\" content=\"es_ES\" \/>\n<meta property=\"og:type\" content=\"article\" \/>\n<meta property=\"og:title\" content=\"Lifeclean 400ml - Nettoyant professionnel \u2013 Cosm\u00e9tique pour institut de beaut\u00e9 - Lucia Rapetti Laboratoire Naturel\" \/>\n<meta property=\"og:description\" content=\"LIFECLEAN 400ML est un nettoyant professionnel pour institut de beaut\u00e9 destin\u00e9 \u00e0 \u00e9liminer efficacement maquillage, impuret\u00e9s et exc\u00e8s de s\u00e9bum. D\u00e9velopp\u00e9 pour un usage cabine r\u00e9gulier, il garantit tol\u00e9rance dermatologique et efficacit\u00e9, indispensables en environnement professionnel.\" \/>\n<meta property=\"og:url\" content=\"https:\/\/lucia-rapetti.pro\/es\/producto-2\/lifeclean-400ml\/\" \/>\n<meta property=\"og:site_name\" content=\"Lucia Rapetti Laboratoire Naturel\" \/>\n<meta property=\"article:publisher\" content=\"https:\/\/www.facebook.com\/luciarapettiofficial\" \/>\n<meta property=\"article:modified_time\" content=\"2026-02-11T14:27:09+00:00\" \/>\n<meta property=\"og:image\" content=\"https:\/\/lucia-rapetti.pro\/wp-content\/uploads\/2023\/06\/LR-sito-lifeclean.png\" \/>\n\t<meta property=\"og:image:width\" content=\"1200\" \/>\n\t<meta property=\"og:image:height\" content=\"1200\" \/>\n\t<meta property=\"og:image:type\" content=\"image\/png\" \/>\n<meta name=\"twitter:card\" content=\"summary_large_image\" \/>\n<meta name=\"twitter:label1\" content=\"Tiempo de lectura\" \/>\n\t<meta name=\"twitter:data1\" content=\"1 minuto\" \/>\n<script type=\"application\/ld+json\" class=\"yoast-schema-graph\">{\"@context\":\"https:\\\/\\\/schema.org\",\"@graph\":[{\"@type\":\"WebPage\",\"@id\":\"https:\\\/\\\/lucia-rapetti.pro\\\/product\\\/lifeclean-400ml\\\/\",\"url\":\"https:\\\/\\\/lucia-rapetti.pro\\\/product\\\/lifeclean-400ml\\\/\",\"name\":\"Lifeclean 400ml - Nettoyant professionnel \u2013 Cosm\u00e9tique pour institut de beaut\u00e9 - Lucia Rapetti Laboratoire Naturel\",\"isPartOf\":{\"@id\":\"https:\\\/\\\/lucia-rapetti.pro\\\/#website\"},\"primaryImageOfPage\":{\"@id\":\"https:\\\/\\\/lucia-rapetti.pro\\\/product\\\/lifeclean-400ml\\\/#primaryimage\"},\"image\":{\"@id\":\"https:\\\/\\\/lucia-rapetti.pro\\\/product\\\/lifeclean-400ml\\\/#primaryimage\"},\"thumbnailUrl\":\"https:\\\/\\\/lucia-rapetti.pro\\\/wp-content\\\/uploads\\\/2023\\\/06\\\/LR-sito-lifeclean.png\",\"datePublished\":\"2023-06-28T08:44:17+00:00\",\"dateModified\":\"2026-02-11T14:27:09+00:00\",\"breadcrumb\":{\"@id\":\"https:\\\/\\\/lucia-rapetti.pro\\\/product\\\/lifeclean-400ml\\\/#breadcrumb\"},\"inLanguage\":\"es\",\"potentialAction\":[{\"@type\":\"ReadAction\",\"target\":[\"https:\\\/\\\/lucia-rapetti.pro\\\/product\\\/lifeclean-400ml\\\/\"]}]},{\"@type\":\"ImageObject\",\"inLanguage\":\"es\",\"@id\":\"https:\\\/\\\/lucia-rapetti.pro\\\/product\\\/lifeclean-400ml\\\/#primaryimage\",\"url\":\"https:\\\/\\\/lucia-rapetti.pro\\\/wp-content\\\/uploads\\\/2023\\\/06\\\/LR-sito-lifeclean.png\",\"contentUrl\":\"https:\\\/\\\/lucia-rapetti.pro\\\/wp-content\\\/uploads\\\/2023\\\/06\\\/LR-sito-lifeclean.png\",\"width\":1200,\"height\":1200},{\"@type\":\"BreadcrumbList\",\"@id\":\"https:\\\/\\\/lucia-rapetti.pro\\\/product\\\/lifeclean-400ml\\\/#breadcrumb\",\"itemListElement\":[{\"@type\":\"ListItem\",\"position\":1,\"name\":\"Accueil\",\"item\":\"https:\\\/\\\/lucia-rapetti.pro\\\/\"},{\"@type\":\"ListItem\",\"position\":2,\"name\":\"Produits\",\"item\":\"https:\\\/\\\/lucia-rapetti.pro\\\/shop\\\/\"},{\"@type\":\"ListItem\",\"position\":3,\"name\":\"Lifeclean 400ml &#8211; Nettoyant professionnel \u2013 Cosm\u00e9tique pour institut de beaut\u00e9\"}]},{\"@type\":\"WebSite\",\"@id\":\"https:\\\/\\\/lucia-rapetti.pro\\\/#website\",\"url\":\"https:\\\/\\\/lucia-rapetti.pro\\\/\",\"name\":\"Lucia Rapetti Laboratoire Naturel pour professionnel\",\"description\":\"Laboratoire de cosm\u00e9tique naturel et beaut\u00e9 pour institut et professionnel\",\"publisher\":{\"@id\":\"https:\\\/\\\/lucia-rapetti.pro\\\/#organization\"},\"alternateName\":\"Lucia Rapetti Pro\",\"potentialAction\":[{\"@type\":\"SearchAction\",\"target\":{\"@type\":\"EntryPoint\",\"urlTemplate\":\"https:\\\/\\\/lucia-rapetti.pro\\\/?s={search_term_string}\"},\"query-input\":{\"@type\":\"PropertyValueSpecification\",\"valueRequired\":true,\"valueName\":\"search_term_string\"}}],\"inLanguage\":\"es\"},{\"@type\":\"Organization\",\"@id\":\"https:\\\/\\\/lucia-rapetti.pro\\\/#organization\",\"name\":\"Lucia Rapetti Laboratoire Naturel\",\"alternateName\":\"LR Pro\",\"url\":\"https:\\\/\\\/lucia-rapetti.pro\\\/\",\"logo\":{\"@type\":\"ImageObject\",\"inLanguage\":\"es\",\"@id\":\"https:\\\/\\\/lucia-rapetti.pro\\\/#\\\/schema\\\/logo\\\/image\\\/\",\"url\":\"https:\\\/\\\/lucia-rapetti.pro\\\/wp-content\\\/uploads\\\/2023\\\/04\\\/cropped-lucia-rapetti-logo-1.png\",\"contentUrl\":\"https:\\\/\\\/lucia-rapetti.pro\\\/wp-content\\\/uploads\\\/2023\\\/04\\\/cropped-lucia-rapetti-logo-1.png\",\"width\":850,\"height\":142,\"caption\":\"Lucia Rapetti Laboratoire Naturel\"},\"image\":{\"@id\":\"https:\\\/\\\/lucia-rapetti.pro\\\/#\\\/schema\\\/logo\\\/image\\\/\"},\"sameAs\":[\"https:\\\/\\\/www.facebook.com\\\/luciarapettiofficial\",\"https:\\\/\\\/www.instagram.com\\\/luciarapettiofficial\\\/\"]}]}<\/script>\n<!-- \/ Yoast SEO plugin. -->","yoast_head_json":{"title":"Lifeclean 400ml - Limpiador profesional - Cosm\u00e9tico para institutos de belleza - Lucia Rapetti Laboratorio Natural","robots":{"index":"noindex","follow":"follow"},"og_locale":"es_ES","og_type":"article","og_title":"Lifeclean 400ml - Nettoyant professionnel \u2013 Cosm\u00e9tique pour institut de beaut\u00e9 - Lucia Rapetti Laboratoire Naturel","og_description":"LIFECLEAN 400ML est un nettoyant professionnel pour institut de beaut\u00e9 destin\u00e9 \u00e0 \u00e9liminer efficacement maquillage, impuret\u00e9s et exc\u00e8s de s\u00e9bum. D\u00e9velopp\u00e9 pour un usage cabine r\u00e9gulier, il garantit tol\u00e9rance dermatologique et efficacit\u00e9, indispensables en environnement professionnel.","og_url":"https:\/\/lucia-rapetti.pro\/es\/producto-2\/lifeclean-400ml\/","og_site_name":"Lucia Rapetti Laboratoire Naturel","article_publisher":"https:\/\/www.facebook.com\/luciarapettiofficial","article_modified_time":"2026-02-11T14:27:09+00:00","og_image":[{"width":1200,"height":1200,"url":"https:\/\/lucia-rapetti.pro\/wp-content\/uploads\/2023\/06\/LR-sito-lifeclean.png","type":"image\/png"}],"twitter_card":"summary_large_image","twitter_misc":{"Tiempo de lectura":"1 minuto"},"schema":{"@context":"https:\/\/schema.org","@graph":[{"@type":"WebPage","@id":"https:\/\/lucia-rapetti.pro\/product\/lifeclean-400ml\/","url":"https:\/\/lucia-rapetti.pro\/product\/lifeclean-400ml\/","name":"Lifeclean 400ml - Limpiador profesional - Cosm\u00e9tico para institutos de belleza - Lucia Rapetti Laboratorio Natural","isPartOf":{"@id":"https:\/\/lucia-rapetti.pro\/#website"},"primaryImageOfPage":{"@id":"https:\/\/lucia-rapetti.pro\/product\/lifeclean-400ml\/#primaryimage"},"image":{"@id":"https:\/\/lucia-rapetti.pro\/product\/lifeclean-400ml\/#primaryimage"},"thumbnailUrl":"https:\/\/lucia-rapetti.pro\/wp-content\/uploads\/2023\/06\/LR-sito-lifeclean.png","datePublished":"2023-06-28T08:44:17+00:00","dateModified":"2026-02-11T14:27:09+00:00","breadcrumb":{"@id":"https:\/\/lucia-rapetti.pro\/product\/lifeclean-400ml\/#breadcrumb"},"inLanguage":"es","potentialAction":[{"@type":"ReadAction","target":["https:\/\/lucia-rapetti.pro\/product\/lifeclean-400ml\/"]}]},{"@type":"ImageObject","inLanguage":"es","@id":"https:\/\/lucia-rapetti.pro\/product\/lifeclean-400ml\/#primaryimage","url":"https:\/\/lucia-rapetti.pro\/wp-content\/uploads\/2023\/06\/LR-sito-lifeclean.png","contentUrl":"https:\/\/lucia-rapetti.pro\/wp-content\/uploads\/2023\/06\/LR-sito-lifeclean.png","width":1200,"height":1200},{"@type":"BreadcrumbList","@id":"https:\/\/lucia-rapetti.pro\/product\/lifeclean-400ml\/#breadcrumb","itemListElement":[{"@type":"ListItem","position":1,"name":"Accueil","item":"https:\/\/lucia-rapetti.pro\/"},{"@type":"ListItem","position":2,"name":"Produits","item":"https:\/\/lucia-rapetti.pro\/shop\/"},{"@type":"ListItem","position":3,"name":"Lifeclean 400ml &#8211; Nettoyant professionnel \u2013 Cosm\u00e9tique pour institut de beaut\u00e9"}]},{"@type":"WebSite","@id":"https:\/\/lucia-rapetti.pro\/#website","url":"https:\/\/lucia-rapetti.pro\/","name":"Lucia Rapetti Laboratorio natural para profesionales","description":"Laboratorio de cosm\u00e9tica natural y belleza para institutos y profesionales","publisher":{"@id":"https:\/\/lucia-rapetti.pro\/#organization"},"alternateName":"Lucia Rapetti Pro","potentialAction":[{"@type":"SearchAction","target":{"@type":"EntryPoint","urlTemplate":"https:\/\/lucia-rapetti.pro\/?s={search_term_string}"},"query-input":{"@type":"PropertyValueSpecification","valueRequired":true,"valueName":"search_term_string"}}],"inLanguage":"es"},{"@type":"Organization","@id":"https:\/\/lucia-rapetti.pro\/#organization","name":"Lucia Rapetti Laboratorio Natural","alternateName":"LR Pro","url":"https:\/\/lucia-rapetti.pro\/","logo":{"@type":"ImageObject","inLanguage":"es","@id":"https:\/\/lucia-rapetti.pro\/#\/schema\/logo\/image\/","url":"https:\/\/lucia-rapetti.pro\/wp-content\/uploads\/2023\/04\/cropped-lucia-rapetti-logo-1.png","contentUrl":"https:\/\/lucia-rapetti.pro\/wp-content\/uploads\/2023\/04\/cropped-lucia-rapetti-logo-1.png","width":850,"height":142,"caption":"Lucia Rapetti Laboratoire Naturel"},"image":{"@id":"https:\/\/lucia-rapetti.pro\/#\/schema\/logo\/image\/"},"sameAs":["https:\/\/www.facebook.com\/luciarapettiofficial","https:\/\/www.instagram.com\/luciarapettiofficial\/"]}]}},"_links":{"self":[{"href":"https:\/\/lucia-rapetti.pro\/es\/wp-json\/wp\/v2\/product\/952","targetHints":{"allow":["GET"]}}],"collection":[{"href":"https:\/\/lucia-rapetti.pro\/es\/wp-json\/wp\/v2\/product"}],"about":[{"href":"https:\/\/lucia-rapetti.pro\/es\/wp-json\/wp\/v2\/types\/product"}],"wp:featuredmedia":[{"embeddable":true,"href":"https:\/\/lucia-rapetti.pro\/es\/wp-json\/wp\/v2\/media\/927"}],"wp:attachment":[{"href":"https:\/\/lucia-rapetti.pro\/es\/wp-json\/wp\/v2\/media?parent=952"}],"wp:term":[{"taxonomy":"product_brand","embeddable":true,"href":"https:\/\/lucia-rapetti.pro\/es\/wp-json\/wp\/v2\/product_brand?post=952"},{"taxonomy":"product_cat","embeddable":true,"href":"https:\/\/lucia-rapetti.pro\/es\/wp-json\/wp\/v2\/product_cat?post=952"},{"taxonomy":"product_tag","embeddable":true,"href":"https:\/\/lucia-rapetti.pro\/es\/wp-json\/wp\/v2\/product_tag?post=952"}],"curies":[{"name":"wp","href":"https:\/\/api.w.org\/{rel}","templated":true}]}}