{"id":919,"date":"2023-06-27T19:09:24","date_gmt":"2023-06-27T17:09:24","guid":{"rendered":"https:\/\/client.comanddesign.com\/?post_type=product&#038;p=919"},"modified":"2024-02-07T09:40:02","modified_gmt":"2024-02-07T08:40:02","slug":"abwehrprogramm-tag-50ml","status":"publish","type":"product","link":"https:\/\/lucia-rapetti.pro\/de\/produkt-2\/abwehrprogramm-tag-50ml\/","title":{"rendered":"Verteidigungsprogramm Tag 50 ml"},"content":{"rendered":"<p class=\"p1\">ALPHA-GLUCAN Pr\u00e4biotikum f\u00fcr das Mikrobiom: Abwehrkomplex f\u00fcr das Hautmikrobiom.<span class=\"Apple-converted-space\"><br \/>\nARTEMISIA UMBRELLIFORMIS: starkes Antioxidans, stimuliert die Produktion von Kollagen, Elastin und Fibronektin, den unverzichtbaren Elementen f\u00fcr die Jugendlichkeit der Haut.<br \/>\nGAMMA ORYZANOL: antioxidativ, revitalisierend, straffend, stimuliert die Produktion von Kollagen, Elastin und Fibronektin.\u00a0 \u00a0 \u00a0 \u00a0 \u00a0 \u00a0 \u00a0 \u00a0 \u00a0 \u00a0 \u00a0 \u00a0 \u00a0 \u00a0 \u00a0 \u00a0 \u00a0 \u00a0 \u00a0 \u00a0 \u00a0 \u00a0 \u00a0 \u00a0 \u00a0 \u00a0 \u00a0 \u00a0 \u00a0 \u00a0 \u00a0 \u00a0 \u00a0 \u00a0 \u00a0 \u00a0 \u00a0 \u00a0 \u00a0 \u00a0<\/span><span class=\"Apple-converted-space\">\u00a0 \u00a0 \u00a0 \u00a0 \u00a0 \u00a0 \u00a0 \u00a0 \u00a0 \u00a0 \u00a0 \u00a0 \u00a0 \u00a0 \u00a0 \u00a0 \u00a0 \u00a0 \u00a0<\/span><\/p>","protected":false},"excerpt":{"rendered":"<p class=\"p1\">Speziell f\u00fcr die Anti-Aging-Vorbeugung entwickelt, erh\u00e4lt diese revitalisierende und n\u00e4hrende Creme das wertvolle Gleichgewicht des Hautmikrobioms und sch\u00fctzt die Haut vor klimatischen Belastungen, Umweltverschmutzung und Oxidation durch freie Radikale.<\/p>","protected":false},"featured_media":930,"template":"","meta":{"_acf_changed":false,"_mo_disable_npp":"","site-sidebar-layout":"default","site-content-layout":"default","ast-site-content-layout":"default","site-content-style":"default","site-sidebar-style":"default","ast-global-header-display":"","ast-banner-title-visibility":"","ast-main-header-display":"","ast-hfb-above-header-display":"","ast-hfb-below-header-display":"","ast-hfb-mobile-header-display":"","site-post-title":"","ast-breadcrumbs-content":"","ast-featured-img":"","footer-sml-layout":"","ast-disable-related-posts":"","theme-transparent-header-meta":"default","adv-header-id-meta":"","stick-header-meta":"","header-above-stick-meta":"","header-main-stick-meta":"","header-below-stick-meta":"","astra-migrate-meta-layouts":"set","ast-page-background-enabled":"default","ast-page-background-meta":{"desktop":{"background-color":"var(--ast-global-color-4)","background-image":"","background-repeat":"repeat","background-position":"center center","background-size":"auto","background-attachment":"scroll","background-type":"","background-media":"","overlay-type":"","overlay-color":"","overlay-opacity":"","overlay-gradient":""},"tablet":{"background-color":"","background-image":"","background-repeat":"repeat","background-position":"center center","background-size":"auto","background-attachment":"scroll","background-type":"","background-media":"","overlay-type":"","overlay-color":"","overlay-opacity":"","overlay-gradient":""},"mobile":{"background-color":"","background-image":"","background-repeat":"repeat","background-position":"center center","background-size":"auto","background-attachment":"scroll","background-type":"","background-media":"","overlay-type":"","overlay-color":"","overlay-opacity":"","overlay-gradient":""}},"ast-content-background-meta":{"desktop":{"background-color":"var(--ast-global-color-5)","background-image":"","background-repeat":"repeat","background-position":"center center","background-size":"auto","background-attachment":"scroll","background-type":"","background-media":"","overlay-type":"","overlay-color":"","overlay-opacity":"","overlay-gradient":""},"tablet":{"background-color":"var(--ast-global-color-5)","background-image":"","background-repeat":"repeat","background-position":"center center","background-size":"auto","background-attachment":"scroll","background-type":"","background-media":"","overlay-type":"","overlay-color":"","overlay-opacity":"","overlay-gradient":""},"mobile":{"background-color":"var(--ast-global-color-5)","background-image":"","background-repeat":"repeat","background-position":"center center","background-size":"auto","background-attachment":"scroll","background-type":"","background-media":"","overlay-type":"","overlay-color":"","overlay-opacity":"","overlay-gradient":""}}},"product_brand":[],"product_cat":[36,49],"product_tag":[60],"class_list":{"0":"post-919","1":"product","2":"type-product","3":"status-publish","4":"has-post-thumbnail","6":"product_cat-cremes-jour-nuit","7":"product_cat-life-anti-age","8":"product_tag-anti-age","9":"desktop-align-left","10":"tablet-align-left","11":"mobile-align-left","12":"ast-product-gallery-layout-vertical-slider","13":"ast-product-tabs-layout-horizontal","14":"ast-qv-on-image","16":"first","17":"instock","18":"taxable","19":"shipping-taxable","20":"purchasable","21":"product-type-simple"},"acf":[],"yoast_head":"<!-- This site is optimized with the Yoast SEO plugin v27.5 - https:\/\/yoast.com\/product\/yoast-seo-wordpress\/ -->\n<title>Defence Program Day 50ml - Lucia Rapetti Laboratoire Naturel<\/title>\n<meta name=\"robots\" content=\"noindex, follow\" \/>\n<meta property=\"og:locale\" content=\"de_DE\" \/>\n<meta property=\"og:type\" content=\"article\" \/>\n<meta property=\"og:title\" content=\"Defence Program Day 50ml - Lucia Rapetti Laboratoire Naturel\" \/>\n<meta property=\"og:description\" content=\"Sp\u00e9cifiquement con\u00e7ue pour la pr\u00e9vention anti-\u00e2ge, cette cr\u00e8me r\u00e9-\u00e9nergisante et nourrissante maintien le pr\u00e9cieux \u00e9quilibre du Microbiote cutan\u00e9 et prot\u00e8ge la peau contre les agressions climatiques, la pollution et les oxydations provoqu\u00e9es par les radicaux libres.\" \/>\n<meta property=\"og:url\" content=\"https:\/\/lucia-rapetti.pro\/de\/produkt-2\/abwehrprogramm-tag-50ml\/\" \/>\n<meta property=\"og:site_name\" content=\"Lucia Rapetti Laboratoire Naturel\" \/>\n<meta property=\"article:publisher\" content=\"https:\/\/www.facebook.com\/luciarapettiofficial\" \/>\n<meta property=\"article:modified_time\" content=\"2024-02-07T08:40:02+00:00\" \/>\n<meta property=\"og:image\" content=\"https:\/\/lucia-rapetti.pro\/wp-content\/uploads\/2023\/06\/LR-sito-defence-program.png\" \/>\n\t<meta property=\"og:image:width\" content=\"1200\" \/>\n\t<meta property=\"og:image:height\" content=\"1200\" \/>\n\t<meta property=\"og:image:type\" content=\"image\/png\" \/>\n<meta name=\"twitter:card\" content=\"summary_large_image\" \/>\n<meta name=\"twitter:label1\" content=\"Gesch\u00e4tzte Lesezeit\" \/>\n\t<meta name=\"twitter:data1\" content=\"1\u00a0Minute\" \/>\n<script type=\"application\/ld+json\" class=\"yoast-schema-graph\">{\"@context\":\"https:\\\/\\\/schema.org\",\"@graph\":[{\"@type\":\"WebPage\",\"@id\":\"https:\\\/\\\/lucia-rapetti.pro\\\/product\\\/defence-program-day-50ml\\\/\",\"url\":\"https:\\\/\\\/lucia-rapetti.pro\\\/product\\\/defence-program-day-50ml\\\/\",\"name\":\"Defence Program Day 50ml - Lucia Rapetti Laboratoire Naturel\",\"isPartOf\":{\"@id\":\"https:\\\/\\\/lucia-rapetti.pro\\\/#website\"},\"primaryImageOfPage\":{\"@id\":\"https:\\\/\\\/lucia-rapetti.pro\\\/product\\\/defence-program-day-50ml\\\/#primaryimage\"},\"image\":{\"@id\":\"https:\\\/\\\/lucia-rapetti.pro\\\/product\\\/defence-program-day-50ml\\\/#primaryimage\"},\"thumbnailUrl\":\"https:\\\/\\\/lucia-rapetti.pro\\\/wp-content\\\/uploads\\\/2023\\\/06\\\/LR-sito-defence-program.png\",\"datePublished\":\"2023-06-27T17:09:24+00:00\",\"dateModified\":\"2024-02-07T08:40:02+00:00\",\"breadcrumb\":{\"@id\":\"https:\\\/\\\/lucia-rapetti.pro\\\/product\\\/defence-program-day-50ml\\\/#breadcrumb\"},\"inLanguage\":\"de\",\"potentialAction\":[{\"@type\":\"ReadAction\",\"target\":[\"https:\\\/\\\/lucia-rapetti.pro\\\/product\\\/defence-program-day-50ml\\\/\"]}]},{\"@type\":\"ImageObject\",\"inLanguage\":\"de\",\"@id\":\"https:\\\/\\\/lucia-rapetti.pro\\\/product\\\/defence-program-day-50ml\\\/#primaryimage\",\"url\":\"https:\\\/\\\/lucia-rapetti.pro\\\/wp-content\\\/uploads\\\/2023\\\/06\\\/LR-sito-defence-program.png\",\"contentUrl\":\"https:\\\/\\\/lucia-rapetti.pro\\\/wp-content\\\/uploads\\\/2023\\\/06\\\/LR-sito-defence-program.png\",\"width\":1200,\"height\":1200},{\"@type\":\"BreadcrumbList\",\"@id\":\"https:\\\/\\\/lucia-rapetti.pro\\\/product\\\/defence-program-day-50ml\\\/#breadcrumb\",\"itemListElement\":[{\"@type\":\"ListItem\",\"position\":1,\"name\":\"Accueil\",\"item\":\"https:\\\/\\\/lucia-rapetti.pro\\\/\"},{\"@type\":\"ListItem\",\"position\":2,\"name\":\"Produits\",\"item\":\"https:\\\/\\\/lucia-rapetti.pro\\\/shop\\\/\"},{\"@type\":\"ListItem\",\"position\":3,\"name\":\"Defence Program Day 50ml\"}]},{\"@type\":\"WebSite\",\"@id\":\"https:\\\/\\\/lucia-rapetti.pro\\\/#website\",\"url\":\"https:\\\/\\\/lucia-rapetti.pro\\\/\",\"name\":\"Lucia Rapetti Laboratoire Naturel pour professionnel\",\"description\":\"Laboratoire de cosm\u00e9tique naturel et beaut\u00e9 pour institut et professionnel\",\"publisher\":{\"@id\":\"https:\\\/\\\/lucia-rapetti.pro\\\/#organization\"},\"alternateName\":\"Lucia Rapetti Pro\",\"potentialAction\":[{\"@type\":\"SearchAction\",\"target\":{\"@type\":\"EntryPoint\",\"urlTemplate\":\"https:\\\/\\\/lucia-rapetti.pro\\\/?s={search_term_string}\"},\"query-input\":{\"@type\":\"PropertyValueSpecification\",\"valueRequired\":true,\"valueName\":\"search_term_string\"}}],\"inLanguage\":\"de\"},{\"@type\":\"Organization\",\"@id\":\"https:\\\/\\\/lucia-rapetti.pro\\\/#organization\",\"name\":\"Lucia Rapetti Laboratoire Naturel\",\"alternateName\":\"LR Pro\",\"url\":\"https:\\\/\\\/lucia-rapetti.pro\\\/\",\"logo\":{\"@type\":\"ImageObject\",\"inLanguage\":\"de\",\"@id\":\"https:\\\/\\\/lucia-rapetti.pro\\\/#\\\/schema\\\/logo\\\/image\\\/\",\"url\":\"https:\\\/\\\/lucia-rapetti.pro\\\/wp-content\\\/uploads\\\/2023\\\/04\\\/cropped-lucia-rapetti-logo-1.png\",\"contentUrl\":\"https:\\\/\\\/lucia-rapetti.pro\\\/wp-content\\\/uploads\\\/2023\\\/04\\\/cropped-lucia-rapetti-logo-1.png\",\"width\":850,\"height\":142,\"caption\":\"Lucia Rapetti Laboratoire Naturel\"},\"image\":{\"@id\":\"https:\\\/\\\/lucia-rapetti.pro\\\/#\\\/schema\\\/logo\\\/image\\\/\"},\"sameAs\":[\"https:\\\/\\\/www.facebook.com\\\/luciarapettiofficial\",\"https:\\\/\\\/www.instagram.com\\\/luciarapettiofficial\\\/\"]}]}<\/script>\n<!-- \/ Yoast SEO plugin. -->","yoast_head_json":{"title":"Verteidigungsprogramm Tag 50ml - Lucia Rapetti Laboratoire Naturel","robots":{"index":"noindex","follow":"follow"},"og_locale":"de_DE","og_type":"article","og_title":"Defence Program Day 50ml - Lucia Rapetti Laboratoire Naturel","og_description":"Sp\u00e9cifiquement con\u00e7ue pour la pr\u00e9vention anti-\u00e2ge, cette cr\u00e8me r\u00e9-\u00e9nergisante et nourrissante maintien le pr\u00e9cieux \u00e9quilibre du Microbiote cutan\u00e9 et prot\u00e8ge la peau contre les agressions climatiques, la pollution et les oxydations provoqu\u00e9es par les radicaux libres.","og_url":"https:\/\/lucia-rapetti.pro\/de\/produkt-2\/abwehrprogramm-tag-50ml\/","og_site_name":"Lucia Rapetti Laboratoire Naturel","article_publisher":"https:\/\/www.facebook.com\/luciarapettiofficial","article_modified_time":"2024-02-07T08:40:02+00:00","og_image":[{"width":1200,"height":1200,"url":"https:\/\/lucia-rapetti.pro\/wp-content\/uploads\/2023\/06\/LR-sito-defence-program.png","type":"image\/png"}],"twitter_card":"summary_large_image","twitter_misc":{"Gesch\u00e4tzte Lesezeit":"1\u00a0Minute"},"schema":{"@context":"https:\/\/schema.org","@graph":[{"@type":"WebPage","@id":"https:\/\/lucia-rapetti.pro\/product\/defence-program-day-50ml\/","url":"https:\/\/lucia-rapetti.pro\/product\/defence-program-day-50ml\/","name":"Verteidigungsprogramm Tag 50ml - Lucia Rapetti Laboratoire Naturel","isPartOf":{"@id":"https:\/\/lucia-rapetti.pro\/#website"},"primaryImageOfPage":{"@id":"https:\/\/lucia-rapetti.pro\/product\/defence-program-day-50ml\/#primaryimage"},"image":{"@id":"https:\/\/lucia-rapetti.pro\/product\/defence-program-day-50ml\/#primaryimage"},"thumbnailUrl":"https:\/\/lucia-rapetti.pro\/wp-content\/uploads\/2023\/06\/LR-sito-defence-program.png","datePublished":"2023-06-27T17:09:24+00:00","dateModified":"2024-02-07T08:40:02+00:00","breadcrumb":{"@id":"https:\/\/lucia-rapetti.pro\/product\/defence-program-day-50ml\/#breadcrumb"},"inLanguage":"de","potentialAction":[{"@type":"ReadAction","target":["https:\/\/lucia-rapetti.pro\/product\/defence-program-day-50ml\/"]}]},{"@type":"ImageObject","inLanguage":"de","@id":"https:\/\/lucia-rapetti.pro\/product\/defence-program-day-50ml\/#primaryimage","url":"https:\/\/lucia-rapetti.pro\/wp-content\/uploads\/2023\/06\/LR-sito-defence-program.png","contentUrl":"https:\/\/lucia-rapetti.pro\/wp-content\/uploads\/2023\/06\/LR-sito-defence-program.png","width":1200,"height":1200},{"@type":"BreadcrumbList","@id":"https:\/\/lucia-rapetti.pro\/product\/defence-program-day-50ml\/#breadcrumb","itemListElement":[{"@type":"ListItem","position":1,"name":"Accueil","item":"https:\/\/lucia-rapetti.pro\/"},{"@type":"ListItem","position":2,"name":"Produits","item":"https:\/\/lucia-rapetti.pro\/shop\/"},{"@type":"ListItem","position":3,"name":"Defence Program Day 50ml"}]},{"@type":"WebSite","@id":"https:\/\/lucia-rapetti.pro\/#website","url":"https:\/\/lucia-rapetti.pro\/","name":"Lucia Rapetti Natural Laboratory for Professionals","description":"Labor f\u00fcr Natur- und Sch\u00f6nheitskosmetik f\u00fcr Institute und Profis","publisher":{"@id":"https:\/\/lucia-rapetti.pro\/#organization"},"alternateName":"Lucia Rapetti Pro","potentialAction":[{"@type":"SearchAction","target":{"@type":"EntryPoint","urlTemplate":"https:\/\/lucia-rapetti.pro\/?s={search_term_string}"},"query-input":{"@type":"PropertyValueSpecification","valueRequired":true,"valueName":"search_term_string"}}],"inLanguage":"de"},{"@type":"Organization","@id":"https:\/\/lucia-rapetti.pro\/#organization","name":"Lucia Rapetti Natural Laboratory","alternateName":"LR Pro","url":"https:\/\/lucia-rapetti.pro\/","logo":{"@type":"ImageObject","inLanguage":"de","@id":"https:\/\/lucia-rapetti.pro\/#\/schema\/logo\/image\/","url":"https:\/\/lucia-rapetti.pro\/wp-content\/uploads\/2023\/04\/cropped-lucia-rapetti-logo-1.png","contentUrl":"https:\/\/lucia-rapetti.pro\/wp-content\/uploads\/2023\/04\/cropped-lucia-rapetti-logo-1.png","width":850,"height":142,"caption":"Lucia Rapetti Laboratoire Naturel"},"image":{"@id":"https:\/\/lucia-rapetti.pro\/#\/schema\/logo\/image\/"},"sameAs":["https:\/\/www.facebook.com\/luciarapettiofficial","https:\/\/www.instagram.com\/luciarapettiofficial\/"]}]}},"_links":{"self":[{"href":"https:\/\/lucia-rapetti.pro\/de\/wp-json\/wp\/v2\/product\/919","targetHints":{"allow":["GET"]}}],"collection":[{"href":"https:\/\/lucia-rapetti.pro\/de\/wp-json\/wp\/v2\/product"}],"about":[{"href":"https:\/\/lucia-rapetti.pro\/de\/wp-json\/wp\/v2\/types\/product"}],"wp:featuredmedia":[{"embeddable":true,"href":"https:\/\/lucia-rapetti.pro\/de\/wp-json\/wp\/v2\/media\/930"}],"wp:attachment":[{"href":"https:\/\/lucia-rapetti.pro\/de\/wp-json\/wp\/v2\/media?parent=919"}],"wp:term":[{"taxonomy":"product_brand","embeddable":true,"href":"https:\/\/lucia-rapetti.pro\/de\/wp-json\/wp\/v2\/product_brand?post=919"},{"taxonomy":"product_cat","embeddable":true,"href":"https:\/\/lucia-rapetti.pro\/de\/wp-json\/wp\/v2\/product_cat?post=919"},{"taxonomy":"product_tag","embeddable":true,"href":"https:\/\/lucia-rapetti.pro\/de\/wp-json\/wp\/v2\/product_tag?post=919"}],"curies":[{"name":"wp","href":"https:\/\/api.w.org\/{rel}","templated":true}]}}