{"id":894,"date":"2023-06-27T17:48:48","date_gmt":"2023-06-27T15:48:48","guid":{"rendered":"https:\/\/client.comanddesign.com\/?post_type=product&#038;p=894"},"modified":"2024-02-07T09:46:44","modified_gmt":"2024-02-07T08:46:44","slug":"aquaclear-400-ml","status":"publish","type":"product","link":"https:\/\/lucia-rapetti.pro\/de\/produkt-2\/aquaclear-400-ml\/","title":{"rendered":"Aquaclear 400ml"},"content":{"rendered":"<p class=\"p1\">MARIS-\u03b4-CX\u00ae: remineralisierender, feuchtigkeitsspendender Komplex.<br \/>\nALPHA-GLUCAN PR\u00c4BIOTIKUM MIKROBIOTA: Abwehrkomplex f\u00fcr das Hautmikrobiom.<br \/>\n\u03b1-AMINS\u00c4UREN PEPTIDE 3: Hautschutz und Reaktivit\u00e4t.<br \/>\nDAUCUS CAROTA : sch\u00fctzend, lindernd.<br \/>\nHAFER : energetisierend, remineralisierend, beruhigend.<br \/>\nCHLORELLA VULGARIS: remineralisierende Mikroalge, reich an Chlorophyll, pflanzlichen Proteinen, Vitaminen (ABCE), Mineralstoffen: Eisen, Kalzium, Magnesium, Zink, Kalium, Schwefel, Mangan.<\/p>","protected":false},"excerpt":{"rendered":"<p>Hydrat et<span class=\"Apple-converted-space\">\u00a0 <\/span>reminalisiert die Haut und stellt das Hautmikrobiom wieder ins Gleichgewicht.<span class=\"Apple-converted-space\">\u00a0<\/span><\/p>","protected":false},"featured_media":892,"template":"","meta":{"_acf_changed":false,"_mo_disable_npp":"","site-sidebar-layout":"default","site-content-layout":"default","ast-site-content-layout":"default","site-content-style":"default","site-sidebar-style":"default","ast-global-header-display":"","ast-banner-title-visibility":"","ast-main-header-display":"","ast-hfb-above-header-display":"","ast-hfb-below-header-display":"","ast-hfb-mobile-header-display":"","site-post-title":"","ast-breadcrumbs-content":"","ast-featured-img":"","footer-sml-layout":"","ast-disable-related-posts":"","theme-transparent-header-meta":"default","adv-header-id-meta":"","stick-header-meta":"","header-above-stick-meta":"","header-main-stick-meta":"","header-below-stick-meta":"","astra-migrate-meta-layouts":"set","ast-page-background-enabled":"default","ast-page-background-meta":{"desktop":{"background-color":"var(--ast-global-color-4)","background-image":"","background-repeat":"repeat","background-position":"center center","background-size":"auto","background-attachment":"scroll","background-type":"","background-media":"","overlay-type":"","overlay-color":"","overlay-opacity":"","overlay-gradient":""},"tablet":{"background-color":"","background-image":"","background-repeat":"repeat","background-position":"center center","background-size":"auto","background-attachment":"scroll","background-type":"","background-media":"","overlay-type":"","overlay-color":"","overlay-opacity":"","overlay-gradient":""},"mobile":{"background-color":"","background-image":"","background-repeat":"repeat","background-position":"center center","background-size":"auto","background-attachment":"scroll","background-type":"","background-media":"","overlay-type":"","overlay-color":"","overlay-opacity":"","overlay-gradient":""}},"ast-content-background-meta":{"desktop":{"background-color":"var(--ast-global-color-5)","background-image":"","background-repeat":"repeat","background-position":"center center","background-size":"auto","background-attachment":"scroll","background-type":"","background-media":"","overlay-type":"","overlay-color":"","overlay-opacity":"","overlay-gradient":""},"tablet":{"background-color":"var(--ast-global-color-5)","background-image":"","background-repeat":"repeat","background-position":"center center","background-size":"auto","background-attachment":"scroll","background-type":"","background-media":"","overlay-type":"","overlay-color":"","overlay-opacity":"","overlay-gradient":""},"mobile":{"background-color":"var(--ast-global-color-5)","background-image":"","background-repeat":"repeat","background-position":"center center","background-size":"auto","background-attachment":"scroll","background-type":"","background-media":"","overlay-type":"","overlay-color":"","overlay-opacity":"","overlay-gradient":""}}},"product_brand":[],"product_cat":[47,34],"product_tag":[53,56,30],"class_list":{"0":"post-894","1":"product","2":"type-product","3":"status-publish","4":"has-post-thumbnail","6":"product_cat-aquaskin-hydratation","7":"product_cat-demaquillants-nettoyants","8":"product_tag-demaquillants-nettoyants","9":"product_tag-peaux-deshydratees","10":"product_tag-tout-type-de-peau","11":"desktop-align-left","12":"tablet-align-left","13":"mobile-align-left","14":"ast-product-gallery-layout-vertical-slider","15":"ast-product-tabs-layout-horizontal","16":"ast-qv-on-image","18":"first","19":"instock","20":"taxable","21":"shipping-taxable","22":"purchasable","23":"product-type-simple"},"acf":[],"yoast_head":"<!-- This site is optimized with the Yoast SEO plugin v27.4 - https:\/\/yoast.com\/product\/yoast-seo-wordpress\/ -->\n<title>Aquaclear 400ml - Lucia Rapetti Laboratoire Naturel<\/title>\n<meta name=\"robots\" content=\"noindex, follow\" \/>\n<meta property=\"og:locale\" content=\"de_DE\" \/>\n<meta property=\"og:type\" content=\"article\" \/>\n<meta property=\"og:title\" content=\"Aquaclear 400ml - Lucia Rapetti Laboratoire Naturel\" \/>\n<meta property=\"og:description\" content=\"Hydrate et\u00a0 remin\u00e9ralise la peau et r\u00e9\u00e9quilibre le Microbiote cutan\u00e9.\u00a0\" \/>\n<meta property=\"og:url\" content=\"https:\/\/lucia-rapetti.pro\/de\/produkt-2\/aquaclear-400-ml\/\" \/>\n<meta property=\"og:site_name\" content=\"Lucia Rapetti Laboratoire Naturel\" \/>\n<meta property=\"article:publisher\" content=\"https:\/\/www.facebook.com\/luciarapettiofficial\" \/>\n<meta property=\"article:modified_time\" content=\"2024-02-07T08:46:44+00:00\" \/>\n<meta property=\"og:image\" content=\"https:\/\/lucia-rapetti.pro\/wp-content\/uploads\/2023\/06\/LR-sito-aquaclear.png\" \/>\n\t<meta property=\"og:image:width\" content=\"1200\" \/>\n\t<meta property=\"og:image:height\" content=\"1200\" \/>\n\t<meta property=\"og:image:type\" content=\"image\/png\" \/>\n<meta name=\"twitter:card\" content=\"summary_large_image\" \/>\n<meta name=\"twitter:label1\" content=\"Gesch\u00e4tzte Lesezeit\" \/>\n\t<meta name=\"twitter:data1\" content=\"1\u00a0Minute\" \/>\n<script type=\"application\/ld+json\" class=\"yoast-schema-graph\">{\"@context\":\"https:\\\/\\\/schema.org\",\"@graph\":[{\"@type\":\"WebPage\",\"@id\":\"https:\\\/\\\/lucia-rapetti.pro\\\/product\\\/aquaclear-400ml\\\/\",\"url\":\"https:\\\/\\\/lucia-rapetti.pro\\\/product\\\/aquaclear-400ml\\\/\",\"name\":\"Aquaclear 400ml - Lucia Rapetti Laboratoire Naturel\",\"isPartOf\":{\"@id\":\"https:\\\/\\\/lucia-rapetti.pro\\\/#website\"},\"primaryImageOfPage\":{\"@id\":\"https:\\\/\\\/lucia-rapetti.pro\\\/product\\\/aquaclear-400ml\\\/#primaryimage\"},\"image\":{\"@id\":\"https:\\\/\\\/lucia-rapetti.pro\\\/product\\\/aquaclear-400ml\\\/#primaryimage\"},\"thumbnailUrl\":\"https:\\\/\\\/lucia-rapetti.pro\\\/wp-content\\\/uploads\\\/2023\\\/06\\\/LR-sito-aquaclear.png\",\"datePublished\":\"2023-06-27T15:48:48+00:00\",\"dateModified\":\"2024-02-07T08:46:44+00:00\",\"breadcrumb\":{\"@id\":\"https:\\\/\\\/lucia-rapetti.pro\\\/product\\\/aquaclear-400ml\\\/#breadcrumb\"},\"inLanguage\":\"de\",\"potentialAction\":[{\"@type\":\"ReadAction\",\"target\":[\"https:\\\/\\\/lucia-rapetti.pro\\\/product\\\/aquaclear-400ml\\\/\"]}]},{\"@type\":\"ImageObject\",\"inLanguage\":\"de\",\"@id\":\"https:\\\/\\\/lucia-rapetti.pro\\\/product\\\/aquaclear-400ml\\\/#primaryimage\",\"url\":\"https:\\\/\\\/lucia-rapetti.pro\\\/wp-content\\\/uploads\\\/2023\\\/06\\\/LR-sito-aquaclear.png\",\"contentUrl\":\"https:\\\/\\\/lucia-rapetti.pro\\\/wp-content\\\/uploads\\\/2023\\\/06\\\/LR-sito-aquaclear.png\",\"width\":1200,\"height\":1200},{\"@type\":\"BreadcrumbList\",\"@id\":\"https:\\\/\\\/lucia-rapetti.pro\\\/product\\\/aquaclear-400ml\\\/#breadcrumb\",\"itemListElement\":[{\"@type\":\"ListItem\",\"position\":1,\"name\":\"Accueil\",\"item\":\"https:\\\/\\\/lucia-rapetti.pro\\\/\"},{\"@type\":\"ListItem\",\"position\":2,\"name\":\"Produits\",\"item\":\"https:\\\/\\\/lucia-rapetti.pro\\\/shop\\\/\"},{\"@type\":\"ListItem\",\"position\":3,\"name\":\"Aquaclear 400ml\"}]},{\"@type\":\"WebSite\",\"@id\":\"https:\\\/\\\/lucia-rapetti.pro\\\/#website\",\"url\":\"https:\\\/\\\/lucia-rapetti.pro\\\/\",\"name\":\"Lucia Rapetti Laboratoire Naturel pour professionnel\",\"description\":\"Laboratoire de cosm\u00e9tique naturel et beaut\u00e9 pour institut et professionnel\",\"publisher\":{\"@id\":\"https:\\\/\\\/lucia-rapetti.pro\\\/#organization\"},\"alternateName\":\"Lucia Rapetti Pro\",\"potentialAction\":[{\"@type\":\"SearchAction\",\"target\":{\"@type\":\"EntryPoint\",\"urlTemplate\":\"https:\\\/\\\/lucia-rapetti.pro\\\/?s={search_term_string}\"},\"query-input\":{\"@type\":\"PropertyValueSpecification\",\"valueRequired\":true,\"valueName\":\"search_term_string\"}}],\"inLanguage\":\"de\"},{\"@type\":\"Organization\",\"@id\":\"https:\\\/\\\/lucia-rapetti.pro\\\/#organization\",\"name\":\"Lucia Rapetti Laboratoire Naturel\",\"alternateName\":\"LR Pro\",\"url\":\"https:\\\/\\\/lucia-rapetti.pro\\\/\",\"logo\":{\"@type\":\"ImageObject\",\"inLanguage\":\"de\",\"@id\":\"https:\\\/\\\/lucia-rapetti.pro\\\/#\\\/schema\\\/logo\\\/image\\\/\",\"url\":\"https:\\\/\\\/lucia-rapetti.pro\\\/wp-content\\\/uploads\\\/2023\\\/04\\\/cropped-lucia-rapetti-logo-1.png\",\"contentUrl\":\"https:\\\/\\\/lucia-rapetti.pro\\\/wp-content\\\/uploads\\\/2023\\\/04\\\/cropped-lucia-rapetti-logo-1.png\",\"width\":850,\"height\":142,\"caption\":\"Lucia Rapetti Laboratoire Naturel\"},\"image\":{\"@id\":\"https:\\\/\\\/lucia-rapetti.pro\\\/#\\\/schema\\\/logo\\\/image\\\/\"},\"sameAs\":[\"https:\\\/\\\/www.facebook.com\\\/luciarapettiofficial\",\"https:\\\/\\\/www.instagram.com\\\/luciarapettiofficial\\\/\"]}]}<\/script>\n<!-- \/ Yoast SEO plugin. -->","yoast_head_json":{"title":"Aquaclear 400ml - Lucia Rapetti Laboratoire Naturel","robots":{"index":"noindex","follow":"follow"},"og_locale":"de_DE","og_type":"article","og_title":"Aquaclear 400ml - Lucia Rapetti Laboratoire Naturel","og_description":"Hydrate et\u00a0 remin\u00e9ralise la peau et r\u00e9\u00e9quilibre le Microbiote cutan\u00e9.\u00a0","og_url":"https:\/\/lucia-rapetti.pro\/de\/produkt-2\/aquaclear-400-ml\/","og_site_name":"Lucia Rapetti Laboratoire Naturel","article_publisher":"https:\/\/www.facebook.com\/luciarapettiofficial","article_modified_time":"2024-02-07T08:46:44+00:00","og_image":[{"width":1200,"height":1200,"url":"https:\/\/lucia-rapetti.pro\/wp-content\/uploads\/2023\/06\/LR-sito-aquaclear.png","type":"image\/png"}],"twitter_card":"summary_large_image","twitter_misc":{"Gesch\u00e4tzte Lesezeit":"1\u00a0Minute"},"schema":{"@context":"https:\/\/schema.org","@graph":[{"@type":"WebPage","@id":"https:\/\/lucia-rapetti.pro\/product\/aquaclear-400ml\/","url":"https:\/\/lucia-rapetti.pro\/product\/aquaclear-400ml\/","name":"Aquaclear 400ml - Lucia Rapetti Laboratoire Naturel","isPartOf":{"@id":"https:\/\/lucia-rapetti.pro\/#website"},"primaryImageOfPage":{"@id":"https:\/\/lucia-rapetti.pro\/product\/aquaclear-400ml\/#primaryimage"},"image":{"@id":"https:\/\/lucia-rapetti.pro\/product\/aquaclear-400ml\/#primaryimage"},"thumbnailUrl":"https:\/\/lucia-rapetti.pro\/wp-content\/uploads\/2023\/06\/LR-sito-aquaclear.png","datePublished":"2023-06-27T15:48:48+00:00","dateModified":"2024-02-07T08:46:44+00:00","breadcrumb":{"@id":"https:\/\/lucia-rapetti.pro\/product\/aquaclear-400ml\/#breadcrumb"},"inLanguage":"de","potentialAction":[{"@type":"ReadAction","target":["https:\/\/lucia-rapetti.pro\/product\/aquaclear-400ml\/"]}]},{"@type":"ImageObject","inLanguage":"de","@id":"https:\/\/lucia-rapetti.pro\/product\/aquaclear-400ml\/#primaryimage","url":"https:\/\/lucia-rapetti.pro\/wp-content\/uploads\/2023\/06\/LR-sito-aquaclear.png","contentUrl":"https:\/\/lucia-rapetti.pro\/wp-content\/uploads\/2023\/06\/LR-sito-aquaclear.png","width":1200,"height":1200},{"@type":"BreadcrumbList","@id":"https:\/\/lucia-rapetti.pro\/product\/aquaclear-400ml\/#breadcrumb","itemListElement":[{"@type":"ListItem","position":1,"name":"Accueil","item":"https:\/\/lucia-rapetti.pro\/"},{"@type":"ListItem","position":2,"name":"Produits","item":"https:\/\/lucia-rapetti.pro\/shop\/"},{"@type":"ListItem","position":3,"name":"Aquaclear 400ml"}]},{"@type":"WebSite","@id":"https:\/\/lucia-rapetti.pro\/#website","url":"https:\/\/lucia-rapetti.pro\/","name":"Lucia Rapetti Natural Laboratory for Professionals","description":"Labor f\u00fcr Natur- und Sch\u00f6nheitskosmetik f\u00fcr Institute und Profis","publisher":{"@id":"https:\/\/lucia-rapetti.pro\/#organization"},"alternateName":"Lucia Rapetti Pro","potentialAction":[{"@type":"SearchAction","target":{"@type":"EntryPoint","urlTemplate":"https:\/\/lucia-rapetti.pro\/?s={search_term_string}"},"query-input":{"@type":"PropertyValueSpecification","valueRequired":true,"valueName":"search_term_string"}}],"inLanguage":"de"},{"@type":"Organization","@id":"https:\/\/lucia-rapetti.pro\/#organization","name":"Lucia Rapetti Natural Laboratory","alternateName":"LR Pro","url":"https:\/\/lucia-rapetti.pro\/","logo":{"@type":"ImageObject","inLanguage":"de","@id":"https:\/\/lucia-rapetti.pro\/#\/schema\/logo\/image\/","url":"https:\/\/lucia-rapetti.pro\/wp-content\/uploads\/2023\/04\/cropped-lucia-rapetti-logo-1.png","contentUrl":"https:\/\/lucia-rapetti.pro\/wp-content\/uploads\/2023\/04\/cropped-lucia-rapetti-logo-1.png","width":850,"height":142,"caption":"Lucia Rapetti Laboratoire Naturel"},"image":{"@id":"https:\/\/lucia-rapetti.pro\/#\/schema\/logo\/image\/"},"sameAs":["https:\/\/www.facebook.com\/luciarapettiofficial","https:\/\/www.instagram.com\/luciarapettiofficial\/"]}]}},"_links":{"self":[{"href":"https:\/\/lucia-rapetti.pro\/de\/wp-json\/wp\/v2\/product\/894","targetHints":{"allow":["GET"]}}],"collection":[{"href":"https:\/\/lucia-rapetti.pro\/de\/wp-json\/wp\/v2\/product"}],"about":[{"href":"https:\/\/lucia-rapetti.pro\/de\/wp-json\/wp\/v2\/types\/product"}],"wp:featuredmedia":[{"embeddable":true,"href":"https:\/\/lucia-rapetti.pro\/de\/wp-json\/wp\/v2\/media\/892"}],"wp:attachment":[{"href":"https:\/\/lucia-rapetti.pro\/de\/wp-json\/wp\/v2\/media?parent=894"}],"wp:term":[{"taxonomy":"product_brand","embeddable":true,"href":"https:\/\/lucia-rapetti.pro\/de\/wp-json\/wp\/v2\/product_brand?post=894"},{"taxonomy":"product_cat","embeddable":true,"href":"https:\/\/lucia-rapetti.pro\/de\/wp-json\/wp\/v2\/product_cat?post=894"},{"taxonomy":"product_tag","embeddable":true,"href":"https:\/\/lucia-rapetti.pro\/de\/wp-json\/wp\/v2\/product_tag?post=894"}],"curies":[{"name":"wp","href":"https:\/\/api.w.org\/{rel}","templated":true}]}}